{"id":1379,"date":"2024-09-20T12:47:49","date_gmt":"2024-09-20T10:47:49","guid":{"rendered":"https:\/\/www.stevenbv.nl\/onze-werkwijze\/"},"modified":"2024-10-17T09:29:45","modified_gmt":"2024-10-17T07:29:45","slug":"onze-werkwijze","status":"publish","type":"page","link":"https:\/\/www.stevenbv.nl\/de\/onze-werkwijze\/","title":{"rendered":"Unsere Arbeitsweise"},"content":{"rendered":"<p>[vc_row css_animation=&#8220;&#8220; row_type=&#8220;row&#8220; use_row_as_full_screen_section=&#8220;no&#8220; type=&#8220;grid&#8220; angled_section=&#8220;no&#8220; text_align=&#8220;left&#8220; background_image_as_pattern=&#8220;without_pattern&#8220; padding_top=&#8220;80&#8243; padding_bottom=&#8220;80&#8243; z_index=&#8220;&#8220;][vc_column width=&#8220;1\/2&#8243;][vc_column_text]<\/p>\n<h6>Unsere Arbeitsweise bei Steven BV<\/h6>\n<p>[\/vc_column_text][vc_column_text]<\/p>\n<p style=\"text-align: left;\">Bei Steven BV glauben wir, dass kein Projekt dem anderen gleicht. Daher bieten wir ma\u00dfgeschneiderte L\u00f6sungen f\u00fcr jede technische Herausforderung. Egal, ob Sie Ihren Produktionsprozess optimieren oder Ihre Kapazit\u00e4t erh\u00f6hen m\u00f6chten, wir verf\u00fcgen \u00fcber das Wissen und die Erfahrung, um einzigartige L\u00f6sungen zu entwerfen und zu bauen, die vollst\u00e4ndig auf Ihre spezifischen Bed\u00fcrfnisse abgestimmt sind.<\/p>\n<p>[\/vc_column_text][\/vc_column][vc_column width=&#8220;1\/2&#8243;][vc_single_image image=&#8220;1161&#8243; img_size=&#8220;full&#8220; alignment=&#8220;right&#8220; qode_css_animation=&#8220;&#8220;][\/vc_column][\/vc_row][vc_row css_animation=&#8220;&#8220; row_type=&#8220;row&#8220; use_row_as_full_screen_section=&#8220;no&#8220; type=&#8220;grid&#8220; angled_section=&#8220;no&#8220; text_align=&#8220;left&#8220; background_image_as_pattern=&#8220;without_pattern&#8220; z_index=&#8220;&#8220;][vc_column][vc_column_text]<\/p>\n<h6 style=\"text-align: left;\"><strong>Von der Idee bis zur Realisierung<\/strong><\/h6>\n<p>[\/vc_column_text][vc_column_text]<\/p>\n<p style=\"text-align: left;\">Bei Steven BV arbeiten wir eng mit unseren Kunden zusammen, um die besten L\u00f6sungen zu realisieren. Dies beginnt mit einer umfassenden Analyse Ihrer Herausforderung. Ihr Branchenwissen, kombiniert mit unserer Erfahrung im Maschinenbau, sorgt daf\u00fcr, dass wir zu innovativen und zuverl\u00e4ssigen L\u00f6sungen gelangen. Gemeinsam setzen wir Ihre Ideen in Maschinen um, die Ihren Produktionsprozess effizienter und effektiver machen.<\/p>\n<p>[\/vc_column_text][\/vc_column][\/vc_row][vc_row css_animation=&#8220;&#8220; row_type=&#8220;row&#8220; use_row_as_full_screen_section=&#8220;no&#8220; type=&#8220;grid&#8220; angled_section=&#8220;no&#8220; text_align=&#8220;left&#8220; background_image_as_pattern=&#8220;without_pattern&#8220; z_index=&#8220;&#8220;][vc_column width=&#8220;1\/2&#8243;][vc_empty_space height=&#8220;50px&#8220;][vc_column_text]<\/p>\n<h6 style=\"text-align: left;\"><strong>Unser Vorgehen Schritt f\u00fcr Schritt<\/strong><\/h6>\n<p>[\/vc_column_text][vc_column_text]<\/p>\n<p style=\"text-align: left;\">Bei Steven BV folgen wir einem klaren und strukturierten Prozess, um Ihre Maschinenl\u00f6sung zu realisieren:<\/p>\n<p style=\"text-align: left;\">1. <strong>Analyse Ihrer Herausforderung<\/strong>: Zuerst nehmen wir uns die Zeit, Ihre spezifische Situation und Herausforderungen vollst\u00e4ndig zu verstehen. Dies bildet die Grundlage f\u00fcr die weiteren Schritte.<\/p>\n<p style=\"text-align: left;\">2. <strong>Vorbereitung und Konzeptentwicklung<\/strong>: Nach der Analyse entwickeln wir ein Konzept. Wir identifizieren m\u00f6gliche Risiken und bestimmen den besten Ansatz. Manchmal testen wir spezifische Techniken, um die Machbarkeit zu best\u00e4tigen.<\/p>\n<p style=\"text-align: left;\">3. <strong>Detaillierte Konstruktion<\/strong>: Basierend auf dem genehmigten Konzept erstellen unsere Ingenieure ein endg\u00fcltiges Design. Dabei werden alle technischen Aspekte sorgf\u00e4ltig ausgearbeitet.<\/p>\n<p style=\"text-align: left;\">4. <strong>Produktion<\/strong>: Nach Genehmigung des Designs beginnt die Produktion der Maschine. Wir w\u00e4hlen die richtigen Materialien aus und stellen sicher, dass jedes Teil sorgf\u00e4ltig zusammengesetzt und getestet wird.<\/p>\n<p style=\"text-align: left;\">5. <strong>Installation<\/strong>: Nachdem die Maschine zusammengebaut und getestet wurde, wird sie an Ihrem Standort installiert. Wir nehmen die Maschine in Betrieb und sorgen f\u00fcr eine vollst\u00e4ndige Schulung Ihrer Bediener.<\/p>\n<p style=\"text-align: left;\">6. <strong>Wartung &amp; Service<\/strong>: Auch nach der Installation bleiben wir involviert. Wir bieten umfassende Wartungs- und Serviceprogramme an, um sicherzustellen, dass Ihre Maschine optimal funktioniert.<\/p>\n<p>[\/vc_column_text][\/vc_column][vc_column width=&#8220;1\/2&#8243;][vc_empty_space height=&#8220;50px&#8220;][vc_column_text]<\/p>\n<h6 style=\"text-align: left;\"><strong>Warum Steven BV w\u00e4hlen?<\/strong><\/h6>\n<p>[\/vc_column_text][vc_column_text]<\/p>\n<p style=\"text-align: left;\">Bei Steven BV kombinieren wir Erfahrung und Innovation, um die besten L\u00f6sungen f\u00fcr unsere Kunden zu realisieren. Wir bieten:<\/p>\n<p style=\"text-align: left;\"><strong>Erfahrung und Expertise<\/strong>: Langj\u00e4hrige Erfahrung im Maschinenbau.<br \/>\n<strong>Innovative L\u00f6sungen<\/strong>: Wir entwickeln ma\u00dfgeschneiderte, einzigartige L\u00f6sungen.<br \/>\n<strong>Kundenorientierung<\/strong>: Ihr Input ist f\u00fcr uns von unsch\u00e4tzbarem Wert. Gemeinsam erzielen wir die besten Ergebnisse.<br \/>\n<strong>Zuverl\u00e4ssigkeit:<\/strong> Unsere Maschinen sind langlebig, sicher und entsprechen den h\u00f6chsten Qualit\u00e4tsstandards.<\/p>\n<p>[\/vc_column_text][\/vc_column][\/vc_row][vc_row css_animation=&#8220;&#8220; row_type=&#8220;row&#8220; use_row_as_full_screen_section=&#8220;no&#8220; type=&#8220;grid&#8220; angled_section=&#8220;no&#8220; text_align=&#8220;left&#8220; background_image_as_pattern=&#8220;without_pattern&#8220; z_index=&#8220;&#8220;][vc_column width=&#8220;2\/3&#8243;][vc_empty_space][vc_column_text]<\/p>\n<h6 style=\"text-align: left;\">Nehmen Sie Kontakt mit Steven BV auf<\/h6>\n<p>[\/vc_column_text][vc_column_text]<\/p>\n<p style=\"text-align: left;\">M\u00f6chten Sie wissen, wie wir Ihnen mit einer ma\u00dfgeschneiderten Maschinenl\u00f6sung helfen k\u00f6nnen? Nehmen Sie noch heute Kontakt mit Steven BV auf. Unser Team steht bereit, Sie zu beraten und gemeinsam an einer L\u00f6sung zu arbeiten, die perfekt zu Ihrem Unternehmen passt. Besuchen Sie unsere Website oder rufen Sie uns f\u00fcr weitere Informationen an. Gemeinsam sorgen wir daf\u00fcr, dass Ihre Prozesse optimal verlaufen.<\/p>\n<p style=\"text-align: left;\">Polderboskdyk 35, 8501 ZJ, Joure<br \/>\n+31 (0) 513 &#8211; 410488<br \/>\ninfo@stevenbv.nl<\/p>\n<p>[\/vc_column_text][\/vc_column][\/vc_row][vc_row css_animation=&#8220;&#8220; row_type=&#8220;row&#8220; use_row_as_full_screen_section=&#8220;no&#8220; type=&#8220;full_width&#8220; angled_section=&#8220;no&#8220; text_align=&#8220;left&#8220; background_image_as_pattern=&#8220;without_pattern&#8220;][vc_column][vc_column_text]<br \/>\n[\/vc_column_text][\/vc_column][\/vc_row]<\/p>\n","protected":false},"excerpt":{"rendered":"<p>[vc_row css_animation=&#8220;&#8220; row_type=&#8220;row&#8220; use_row_as_full_screen_section=&#8220;no&#8220; type=&#8220;grid&#8220; angled_section=&#8220;no&#8220; text_align=&#8220;left&#8220; background_image_as_pattern=&#8220;without_pattern&#8220; padding_top=&#8220;80&#8243; padding_bottom=&#8220;80&#8243; z_index=&#8220;&#8220;][vc_column width=&#8220;1\/2&#8243;][vc_column_text] Unsere Arbeitsweise bei Steven BV [\/vc_column_text][vc_column_text] Bei Steven BV glauben wir, dass kein Projekt dem anderen gleicht. Daher bieten wir ma\u00dfgeschneiderte L\u00f6sungen f\u00fcr jede technische Herausforderung. Egal, ob Sie Ihren Produktionsprozess optimieren oder&#8230;<\/p>\n","protected":false},"author":1,"featured_media":1161,"parent":0,"menu_order":0,"comment_status":"closed","ping_status":"closed","template":"","meta":{"_acf_changed":false,"_monsterinsights_skip_tracking":false,"_monsterinsights_sitenote_active":false,"_monsterinsights_sitenote_note":"","_monsterinsights_sitenote_category":0,"_uf_show_specific_survey":0,"_uf_disable_surveys":false,"footnotes":""},"class_list":["post-1379","page","type-page","status-publish","has-post-thumbnail","hentry"],"acf":[],"yoast_head":"<!-- This site is optimized with the Yoast SEO plugin v27.5 - https:\/\/yoast.com\/product\/yoast-seo-wordpress\/ -->\n<title>Unsere Arbeitsweise - Steven BV<\/title>\n<meta name=\"description\" content=\"Ma\u00dfgeschneiderte L\u00f6sungen von Steven BV \u2013 innovative und zuverl\u00e4ssige Maschinen f\u00fcr Ihr Unternehmen.\" \/>\n<meta name=\"robots\" content=\"index, follow, max-snippet:-1, max-image-preview:large, max-video-preview:-1\" \/>\n<link rel=\"canonical\" href=\"https:\/\/www.stevenbv.nl\/de\/onze-werkwijze\/\" \/>\n<meta property=\"og:locale\" content=\"de_DE\" \/>\n<meta property=\"og:type\" content=\"article\" \/>\n<meta property=\"og:title\" content=\"Unsere Arbeitsweise - Steven BV\" \/>\n<meta property=\"og:description\" content=\"Ma\u00dfgeschneiderte L\u00f6sungen von Steven BV \u2013 innovative und zuverl\u00e4ssige Maschinen f\u00fcr Ihr Unternehmen.\" \/>\n<meta property=\"og:url\" content=\"https:\/\/www.stevenbv.nl\/de\/onze-werkwijze\/\" \/>\n<meta property=\"og:site_name\" content=\"Steven BV\" \/>\n<meta property=\"article:publisher\" content=\"https:\/\/www.facebook.com\/stevenbvnederland\/\" \/>\n<meta property=\"article:modified_time\" content=\"2024-10-17T07:29:45+00:00\" \/>\n<meta property=\"og:image\" content=\"https:\/\/www.stevenbv.nl\/wp-content\/uploads\/2024\/06\/Autos01.jpg\" \/>\n\t<meta property=\"og:image:width\" content=\"2560\" \/>\n\t<meta property=\"og:image:height\" content=\"1441\" \/>\n\t<meta property=\"og:image:type\" content=\"image\/jpeg\" \/>\n<meta name=\"twitter:card\" content=\"summary_large_image\" \/>\n<script type=\"application\/ld+json\" class=\"yoast-schema-graph\">{\"@context\":\"https:\\\/\\\/schema.org\",\"@graph\":[{\"@type\":\"WebPage\",\"@id\":\"https:\\\/\\\/www.stevenbv.nl\\\/de\\\/onze-werkwijze\\\/\",\"url\":\"https:\\\/\\\/www.stevenbv.nl\\\/de\\\/onze-werkwijze\\\/\",\"name\":\"Unsere Arbeitsweise - Steven BV\",\"isPartOf\":{\"@id\":\"https:\\\/\\\/www.stevenbv.nl\\\/#website\"},\"primaryImageOfPage\":{\"@id\":\"https:\\\/\\\/www.stevenbv.nl\\\/de\\\/onze-werkwijze\\\/#primaryimage\"},\"image\":{\"@id\":\"https:\\\/\\\/www.stevenbv.nl\\\/de\\\/onze-werkwijze\\\/#primaryimage\"},\"thumbnailUrl\":\"https:\\\/\\\/www.stevenbv.nl\\\/wp-content\\\/uploads\\\/2024\\\/06\\\/Autos01.jpg\",\"datePublished\":\"2024-09-20T10:47:49+00:00\",\"dateModified\":\"2024-10-17T07:29:45+00:00\",\"description\":\"Ma\u00dfgeschneiderte L\u00f6sungen von Steven BV \u2013 innovative und zuverl\u00e4ssige Maschinen f\u00fcr Ihr Unternehmen.\",\"breadcrumb\":{\"@id\":\"https:\\\/\\\/www.stevenbv.nl\\\/de\\\/onze-werkwijze\\\/#breadcrumb\"},\"inLanguage\":\"de\",\"potentialAction\":[{\"@type\":\"ReadAction\",\"target\":[\"https:\\\/\\\/www.stevenbv.nl\\\/de\\\/onze-werkwijze\\\/\"]}]},{\"@type\":\"ImageObject\",\"inLanguage\":\"de\",\"@id\":\"https:\\\/\\\/www.stevenbv.nl\\\/de\\\/onze-werkwijze\\\/#primaryimage\",\"url\":\"https:\\\/\\\/www.stevenbv.nl\\\/wp-content\\\/uploads\\\/2024\\\/06\\\/Autos01.jpg\",\"contentUrl\":\"https:\\\/\\\/www.stevenbv.nl\\\/wp-content\\\/uploads\\\/2024\\\/06\\\/Autos01.jpg\",\"width\":2560,\"height\":1441},{\"@type\":\"BreadcrumbList\",\"@id\":\"https:\\\/\\\/www.stevenbv.nl\\\/de\\\/onze-werkwijze\\\/#breadcrumb\",\"itemListElement\":[{\"@type\":\"ListItem\",\"position\":1,\"name\":\"Home\",\"item\":\"https:\\\/\\\/www.stevenbv.nl\\\/de\\\/\"},{\"@type\":\"ListItem\",\"position\":2,\"name\":\"Unsere Arbeitsweise\"}]},{\"@type\":\"WebSite\",\"@id\":\"https:\\\/\\\/www.stevenbv.nl\\\/#website\",\"url\":\"https:\\\/\\\/www.stevenbv.nl\\\/\",\"name\":\"Steven B.V.\",\"description\":\"Afvul- en verpakkingssystemen\",\"publisher\":{\"@id\":\"https:\\\/\\\/www.stevenbv.nl\\\/#organization\"},\"alternateName\":\"Steven BV\",\"potentialAction\":[{\"@type\":\"SearchAction\",\"target\":{\"@type\":\"EntryPoint\",\"urlTemplate\":\"https:\\\/\\\/www.stevenbv.nl\\\/?s={search_term_string}\"},\"query-input\":{\"@type\":\"PropertyValueSpecification\",\"valueRequired\":true,\"valueName\":\"search_term_string\"}}],\"inLanguage\":\"de\"},{\"@type\":\"Organization\",\"@id\":\"https:\\\/\\\/www.stevenbv.nl\\\/#organization\",\"name\":\"Steven B.V.\",\"alternateName\":\"Steven BV\",\"url\":\"https:\\\/\\\/www.stevenbv.nl\\\/\",\"logo\":{\"@type\":\"ImageObject\",\"inLanguage\":\"de\",\"@id\":\"https:\\\/\\\/www.stevenbv.nl\\\/#\\\/schema\\\/logo\\\/image\\\/\",\"url\":\"https:\\\/\\\/www.stevenbv.nl\\\/wp-content\\\/uploads\\\/2025\\\/01\\\/logo-stevenbv.jpg\",\"contentUrl\":\"https:\\\/\\\/www.stevenbv.nl\\\/wp-content\\\/uploads\\\/2025\\\/01\\\/logo-stevenbv.jpg\",\"width\":1000,\"height\":1000,\"caption\":\"Steven B.V.\"},\"image\":{\"@id\":\"https:\\\/\\\/www.stevenbv.nl\\\/#\\\/schema\\\/logo\\\/image\\\/\"},\"sameAs\":[\"https:\\\/\\\/www.facebook.com\\\/stevenbvnederland\\\/\",\"https:\\\/\\\/nl.linkedin.com\\\/company\\\/steven-bv\"]}]}<\/script>\n<!-- \/ Yoast SEO plugin. -->","yoast_head_json":{"title":"Unsere Arbeitsweise - Steven BV","description":"Ma\u00dfgeschneiderte L\u00f6sungen von Steven BV \u2013 innovative und zuverl\u00e4ssige Maschinen f\u00fcr Ihr Unternehmen.","robots":{"index":"index","follow":"follow","max-snippet":"max-snippet:-1","max-image-preview":"max-image-preview:large","max-video-preview":"max-video-preview:-1"},"canonical":"https:\/\/www.stevenbv.nl\/de\/onze-werkwijze\/","og_locale":"de_DE","og_type":"article","og_title":"Unsere Arbeitsweise - Steven BV","og_description":"Ma\u00dfgeschneiderte L\u00f6sungen von Steven BV \u2013 innovative und zuverl\u00e4ssige Maschinen f\u00fcr Ihr Unternehmen.","og_url":"https:\/\/www.stevenbv.nl\/de\/onze-werkwijze\/","og_site_name":"Steven BV","article_publisher":"https:\/\/www.facebook.com\/stevenbvnederland\/","article_modified_time":"2024-10-17T07:29:45+00:00","og_image":[{"width":2560,"height":1441,"url":"https:\/\/www.stevenbv.nl\/wp-content\/uploads\/2024\/06\/Autos01.jpg","type":"image\/jpeg"}],"twitter_card":"summary_large_image","schema":{"@context":"https:\/\/schema.org","@graph":[{"@type":"WebPage","@id":"https:\/\/www.stevenbv.nl\/de\/onze-werkwijze\/","url":"https:\/\/www.stevenbv.nl\/de\/onze-werkwijze\/","name":"Unsere Arbeitsweise - Steven BV","isPartOf":{"@id":"https:\/\/www.stevenbv.nl\/#website"},"primaryImageOfPage":{"@id":"https:\/\/www.stevenbv.nl\/de\/onze-werkwijze\/#primaryimage"},"image":{"@id":"https:\/\/www.stevenbv.nl\/de\/onze-werkwijze\/#primaryimage"},"thumbnailUrl":"https:\/\/www.stevenbv.nl\/wp-content\/uploads\/2024\/06\/Autos01.jpg","datePublished":"2024-09-20T10:47:49+00:00","dateModified":"2024-10-17T07:29:45+00:00","description":"Ma\u00dfgeschneiderte L\u00f6sungen von Steven BV \u2013 innovative und zuverl\u00e4ssige Maschinen f\u00fcr Ihr Unternehmen.","breadcrumb":{"@id":"https:\/\/www.stevenbv.nl\/de\/onze-werkwijze\/#breadcrumb"},"inLanguage":"de","potentialAction":[{"@type":"ReadAction","target":["https:\/\/www.stevenbv.nl\/de\/onze-werkwijze\/"]}]},{"@type":"ImageObject","inLanguage":"de","@id":"https:\/\/www.stevenbv.nl\/de\/onze-werkwijze\/#primaryimage","url":"https:\/\/www.stevenbv.nl\/wp-content\/uploads\/2024\/06\/Autos01.jpg","contentUrl":"https:\/\/www.stevenbv.nl\/wp-content\/uploads\/2024\/06\/Autos01.jpg","width":2560,"height":1441},{"@type":"BreadcrumbList","@id":"https:\/\/www.stevenbv.nl\/de\/onze-werkwijze\/#breadcrumb","itemListElement":[{"@type":"ListItem","position":1,"name":"Home","item":"https:\/\/www.stevenbv.nl\/de\/"},{"@type":"ListItem","position":2,"name":"Unsere Arbeitsweise"}]},{"@type":"WebSite","@id":"https:\/\/www.stevenbv.nl\/#website","url":"https:\/\/www.stevenbv.nl\/","name":"Steven B.V.","description":"Afvul- en verpakkingssystemen","publisher":{"@id":"https:\/\/www.stevenbv.nl\/#organization"},"alternateName":"Steven BV","potentialAction":[{"@type":"SearchAction","target":{"@type":"EntryPoint","urlTemplate":"https:\/\/www.stevenbv.nl\/?s={search_term_string}"},"query-input":{"@type":"PropertyValueSpecification","valueRequired":true,"valueName":"search_term_string"}}],"inLanguage":"de"},{"@type":"Organization","@id":"https:\/\/www.stevenbv.nl\/#organization","name":"Steven B.V.","alternateName":"Steven BV","url":"https:\/\/www.stevenbv.nl\/","logo":{"@type":"ImageObject","inLanguage":"de","@id":"https:\/\/www.stevenbv.nl\/#\/schema\/logo\/image\/","url":"https:\/\/www.stevenbv.nl\/wp-content\/uploads\/2025\/01\/logo-stevenbv.jpg","contentUrl":"https:\/\/www.stevenbv.nl\/wp-content\/uploads\/2025\/01\/logo-stevenbv.jpg","width":1000,"height":1000,"caption":"Steven B.V."},"image":{"@id":"https:\/\/www.stevenbv.nl\/#\/schema\/logo\/image\/"},"sameAs":["https:\/\/www.facebook.com\/stevenbvnederland\/","https:\/\/nl.linkedin.com\/company\/steven-bv"]}]}},"_links":{"self":[{"href":"https:\/\/www.stevenbv.nl\/de\/wp-json\/wp\/v2\/pages\/1379\/"}],"collection":[{"href":"https:\/\/www.stevenbv.nl\/de\/wp-json\/wp\/v2\/pages\/"}],"about":[{"href":"https:\/\/www.stevenbv.nl\/de\/wp-json\/wp\/v2\/types\/page\/"}],"author":[{"embeddable":true,"href":"https:\/\/www.stevenbv.nl\/de\/wp-json\/wp\/v2\/users\/1\/"}],"replies":[{"embeddable":true,"href":"https:\/\/www.stevenbv.nl\/de\/wp-json\/wp\/v2\/comments\/?post=1379"}],"version-history":[{"count":4,"href":"https:\/\/www.stevenbv.nl\/de\/wp-json\/wp\/v2\/pages\/1379\/revisions\/"}],"predecessor-version":[{"id":1381,"href":"https:\/\/www.stevenbv.nl\/de\/wp-json\/wp\/v2\/pages\/1379\/revisions\/1381\/"}],"wp:featuredmedia":[{"embeddable":true,"href":"https:\/\/www.stevenbv.nl\/de\/wp-json\/wp\/v2\/media\/1161\/"}],"wp:attachment":[{"href":"https:\/\/www.stevenbv.nl\/de\/wp-json\/wp\/v2\/media\/?parent=1379"}],"curies":[{"name":"wp","href":"https:\/\/api.w.org\/{rel}","templated":true}]}}