{"id":1372,"date":"2024-09-20T12:24:13","date_gmt":"2024-09-20T10:24:13","guid":{"rendered":"https:\/\/www.stevenbv.nl\/veiligheid\/"},"modified":"2024-10-17T09:18:53","modified_gmt":"2024-10-17T07:18:53","slug":"veiligheid","status":"publish","type":"page","link":"https:\/\/www.stevenbv.nl\/de\/veiligheid\/","title":{"rendered":"Sicherheit"},"content":{"rendered":"<p>[vc_row css_animation=&#8220;&#8220; row_type=&#8220;row&#8220; use_row_as_full_screen_section=&#8220;no&#8220; type=&#8220;grid&#8220; angled_section=&#8220;no&#8220; text_align=&#8220;center&#8220; background_image_as_pattern=&#8220;without_pattern&#8220; padding_top=&#8220;80&#8243; padding_bottom=&#8220;80&#8243; z_index=&#8220;&#8220;][vc_column width=&#8220;1\/2&#8243;][vc_column_text]<\/p>\n<h6>Sicherheit &amp; Zertifizierung<\/h6>\n<p>[\/vc_column_text][vc_column_text]<\/p>\n<p style=\"text-align: left;\">Bei Steven BV stehen Sicherheit und die Einhaltung von Gesetzen und Vorschriften an erster Stelle. Die CE-Kennzeichnung der Maschinenrichtlinie spielt eine gro\u00dfe Rolle bei der Gew\u00e4hrleistung dieser Sicherheit, insbesondere im Maschinenbau. Maschinen, die der CE-Maschinenrichtlinie entsprechen, geben Ihnen die Gewissheit, dass sie unter strengen Sicherheitsnormen entwickelt und hergestellt wurden.<\/p>\n<p>[\/vc_column_text][\/vc_column][vc_column width=&#8220;1\/2&#8243;][vc_single_image image=&#8220;1154&#8243; img_size=&#8220;full&#8220; alignment=&#8220;right&#8220; qode_css_animation=&#8220;&#8220;][\/vc_column][\/vc_row][vc_row css_animation=&#8220;&#8220; row_type=&#8220;row&#8220; use_row_as_full_screen_section=&#8220;no&#8220; type=&#8220;grid&#8220; angled_section=&#8220;no&#8220; text_align=&#8220;center&#8220; background_image_as_pattern=&#8220;without_pattern&#8220; z_index=&#8220;&#8220;][vc_column][vc_column_text]<\/p>\n<h6 style=\"text-align: left;\">Warum CE-Kennzeichnung wichtig ist<\/h6>\n<p>[\/vc_column_text][vc_column_text]<\/p>\n<p style=\"text-align: left;\">Die Einhaltung der CE-Maschinenrichtlinie ist nicht nur eine gesetzliche Verpflichtung, sondern bietet auch zahlreiche Vorteile. Steven BV stellt sicher, dass alle Maschinen, die wir produzieren oder anpassen, diesen strengen Sicherheitsanforderungen entsprechen. Dies reduziert das Unfallrisiko, verbessert die Sicherheit am Arbeitsplatz und erh\u00f6ht die Zuverl\u00e4ssigkeit Ihres Maschinenparks.<\/p>\n<p>[\/vc_column_text][vc_empty_space][\/vc_column][\/vc_row][vc_row css_animation=&#8220;&#8220; row_type=&#8220;row&#8220; use_row_as_full_screen_section=&#8220;no&#8220; type=&#8220;grid&#8220; angled_section=&#8220;no&#8220; text_align=&#8220;center&#8220; background_image_as_pattern=&#8220;without_pattern&#8220; z_index=&#8220;&#8220;][vc_column width=&#8220;1\/2&#8243;][vc_empty_space height=&#8220;50px&#8220;][vc_column_text]<\/p>\n<h6 style=\"text-align: left;\">Vorteile von CE-zertifizierten Maschinen<\/h6>\n<p>[\/vc_column_text][vc_column_text]<\/p>\n<p style=\"text-align: left;\">Die Verwendung von Maschinen mit CE-Kennzeichnung bietet verschiedene Vorteile:<\/p>\n<p style=\"text-align: left;\"><strong>Sicherheit<\/strong>: Maschinen entsprechen den strengsten Sicherheitsnormen.<br \/>\n<strong>Zuverl\u00e4ssigkeit<\/strong>: Verringerung von Risiken und Optimierung von Prozessen.<br \/>\n<strong>Compliance<\/strong>: Einhaltung der europ\u00e4ischen Vorschriften.<br \/>\n<strong>Qualit\u00e4t<\/strong>: Eine Maschine mit CE-Kennzeichnung garantiert einen hohen Standard an Zuverl\u00e4ssigkeit und Langlebigkeit.<\/p>\n<p style=\"text-align: left;\">Steven BV unterst\u00fctzt Sie gerne mit Beratung und liefert ausschlie\u00dflich CE-zertifizierte Maschinen. Wir sorgen daf\u00fcr, dass Ihre Maschinen sicher und effizient laufen k\u00f6nnen, ohne dass Sie sich Sorgen um die Einhaltung von Gesetzen und Vorschriften machen m\u00fcssen.<\/p>\n<p>[\/vc_column_text][\/vc_column][vc_column width=&#8220;1\/2&#8243;][vc_empty_space height=&#8220;50px&#8220;][vc_column_text]<\/p>\n<h6 style=\"text-align: left;\">Warum Steven BV w\u00e4hlen?<\/h6>\n<p>[\/vc_column_text][vc_column_text]<\/p>\n<p style=\"text-align: left;\">Steven BV ist Ihr zuverl\u00e4ssiger Partner f\u00fcr hochwertige und sichere Maschinen. Wir bieten:<\/p>\n<p style=\"text-align: left;\"><strong>Erfahrung und Expertise<\/strong>: Langj\u00e4hrige Erfahrung im Maschinenbau.<br \/>\n<strong>Sicherheit an erster Stelle<\/strong>: CE-Kennzeichnung ist bei uns Standard.<br \/>\n<strong>Kundenorientierung<\/strong>: Wir h\u00f6ren auf Ihre spezifischen Anforderungen und liefern ma\u00dfgeschneiderte L\u00f6sungen.<br \/>\n<strong>Zuverl\u00e4ssigkeit:<\/strong> Unsere Maschinen sind langlebig, sicher und entsprechen allen geltenden Normen.<\/p>\n<p>[\/vc_column_text][\/vc_column][\/vc_row][vc_row css_animation=&#8220;&#8220; row_type=&#8220;row&#8220; use_row_as_full_screen_section=&#8220;no&#8220; type=&#8220;grid&#8220; angled_section=&#8220;no&#8220; text_align=&#8220;center&#8220; background_image_as_pattern=&#8220;without_pattern&#8220; z_index=&#8220;&#8220;][vc_column width=&#8220;2\/3&#8243;][vc_empty_space][vc_column_text]<\/p>\n<h6 style=\"text-align: left;\">Nehmen Sie Kontakt mit Steven BV auf<\/h6>\n<p>[\/vc_column_text][vc_column_text]<\/p>\n<p style=\"text-align: left;\">Sind Sie an unseren CE-zertifizierten Maschinen interessiert und m\u00f6chten Sie mehr dar\u00fcber erfahren, wie wir Ihnen helfen k\u00f6nnen, Ihre Prozesse sicherer zu gestalten? Nehmen Sie noch heute Kontakt mit Steven BV auf. Unser Team steht bereit, um all Ihre Fragen zu beantworten und Ihnen eine ma\u00dfgeschneiderte L\u00f6sung zu bieten, die perfekt zu Ihren Bed\u00fcrfnissen passt. Besuchen Sie unsere Website oder rufen Sie uns f\u00fcr weitere Informationen an. Gemeinsam sorgen wir daf\u00fcr, dass Ihre Maschinen allen Sicherheitsanforderungen entsprechen.<\/p>\n<p style=\"text-align: left;\">Polderboskdyk 35, 8501 ZJ, Joure<br \/>\n+31 (0) 513 &#8211; 410488<br \/>\ninfo@stevenbv.nl<\/p>\n<p>[\/vc_column_text][vc_empty_space][\/vc_column][\/vc_row]<\/p>\n","protected":false},"excerpt":{"rendered":"<p>[vc_row css_animation=&#8220;&#8220; row_type=&#8220;row&#8220; use_row_as_full_screen_section=&#8220;no&#8220; type=&#8220;grid&#8220; angled_section=&#8220;no&#8220; text_align=&#8220;center&#8220; background_image_as_pattern=&#8220;without_pattern&#8220; padding_top=&#8220;80&#8243; padding_bottom=&#8220;80&#8243; z_index=&#8220;&#8220;][vc_column width=&#8220;1\/2&#8243;][vc_column_text] Sicherheit &amp; Zertifizierung [\/vc_column_text][vc_column_text] Bei Steven BV stehen Sicherheit und die Einhaltung von Gesetzen und Vorschriften an erster Stelle. Die CE-Kennzeichnung der Maschinenrichtlinie spielt eine gro\u00dfe Rolle bei der Gew\u00e4hrleistung dieser Sicherheit, insbesondere&#8230;<\/p>\n","protected":false},"author":1,"featured_media":1161,"parent":0,"menu_order":0,"comment_status":"closed","ping_status":"closed","template":"","meta":{"_acf_changed":false,"_monsterinsights_skip_tracking":false,"_monsterinsights_sitenote_active":false,"_monsterinsights_sitenote_note":"","_monsterinsights_sitenote_category":0,"_uf_show_specific_survey":0,"_uf_disable_surveys":false,"footnotes":""},"class_list":["post-1372","page","type-page","status-publish","has-post-thumbnail","hentry"],"acf":[],"yoast_head":"<!-- This site is optimized with the Yoast SEO plugin v27.5 - https:\/\/yoast.com\/product\/yoast-seo-wordpress\/ -->\n<title>Sicherheit - Steven BV<\/title>\n<meta name=\"description\" content=\"Sicherheit und CE-Zertifizierung bei Steven BV: Zuverl\u00e4ssige und sichere Maschinen, konform mit europ\u00e4ischen Standards.\" \/>\n<meta name=\"robots\" content=\"index, follow, max-snippet:-1, max-image-preview:large, max-video-preview:-1\" \/>\n<link rel=\"canonical\" href=\"https:\/\/www.stevenbv.nl\/de\/veiligheid\/\" \/>\n<meta property=\"og:locale\" content=\"de_DE\" \/>\n<meta property=\"og:type\" content=\"article\" \/>\n<meta property=\"og:title\" content=\"Sicherheit - Steven BV\" \/>\n<meta property=\"og:description\" content=\"Sicherheit und CE-Zertifizierung bei Steven BV: Zuverl\u00e4ssige und sichere Maschinen, konform mit europ\u00e4ischen Standards.\" \/>\n<meta property=\"og:url\" content=\"https:\/\/www.stevenbv.nl\/de\/veiligheid\/\" \/>\n<meta property=\"og:site_name\" content=\"Steven BV\" \/>\n<meta property=\"article:publisher\" content=\"https:\/\/www.facebook.com\/stevenbvnederland\/\" \/>\n<meta property=\"article:modified_time\" content=\"2024-10-17T07:18:53+00:00\" \/>\n<meta property=\"og:image\" content=\"https:\/\/www.stevenbv.nl\/wp-content\/uploads\/2024\/06\/Autos01.jpg\" \/>\n\t<meta property=\"og:image:width\" content=\"2560\" \/>\n\t<meta property=\"og:image:height\" content=\"1441\" \/>\n\t<meta property=\"og:image:type\" content=\"image\/jpeg\" \/>\n<meta name=\"twitter:card\" content=\"summary_large_image\" \/>\n<script type=\"application\/ld+json\" class=\"yoast-schema-graph\">{\"@context\":\"https:\\\/\\\/schema.org\",\"@graph\":[{\"@type\":\"WebPage\",\"@id\":\"https:\\\/\\\/www.stevenbv.nl\\\/de\\\/veiligheid\\\/\",\"url\":\"https:\\\/\\\/www.stevenbv.nl\\\/de\\\/veiligheid\\\/\",\"name\":\"Sicherheit - Steven BV\",\"isPartOf\":{\"@id\":\"https:\\\/\\\/www.stevenbv.nl\\\/#website\"},\"primaryImageOfPage\":{\"@id\":\"https:\\\/\\\/www.stevenbv.nl\\\/de\\\/veiligheid\\\/#primaryimage\"},\"image\":{\"@id\":\"https:\\\/\\\/www.stevenbv.nl\\\/de\\\/veiligheid\\\/#primaryimage\"},\"thumbnailUrl\":\"https:\\\/\\\/www.stevenbv.nl\\\/wp-content\\\/uploads\\\/2024\\\/06\\\/Autos01.jpg\",\"datePublished\":\"2024-09-20T10:24:13+00:00\",\"dateModified\":\"2024-10-17T07:18:53+00:00\",\"description\":\"Sicherheit und CE-Zertifizierung bei Steven BV: Zuverl\u00e4ssige und sichere Maschinen, konform mit europ\u00e4ischen Standards.\",\"breadcrumb\":{\"@id\":\"https:\\\/\\\/www.stevenbv.nl\\\/de\\\/veiligheid\\\/#breadcrumb\"},\"inLanguage\":\"de\",\"potentialAction\":[{\"@type\":\"ReadAction\",\"target\":[\"https:\\\/\\\/www.stevenbv.nl\\\/de\\\/veiligheid\\\/\"]}]},{\"@type\":\"ImageObject\",\"inLanguage\":\"de\",\"@id\":\"https:\\\/\\\/www.stevenbv.nl\\\/de\\\/veiligheid\\\/#primaryimage\",\"url\":\"https:\\\/\\\/www.stevenbv.nl\\\/wp-content\\\/uploads\\\/2024\\\/06\\\/Autos01.jpg\",\"contentUrl\":\"https:\\\/\\\/www.stevenbv.nl\\\/wp-content\\\/uploads\\\/2024\\\/06\\\/Autos01.jpg\",\"width\":2560,\"height\":1441},{\"@type\":\"BreadcrumbList\",\"@id\":\"https:\\\/\\\/www.stevenbv.nl\\\/de\\\/veiligheid\\\/#breadcrumb\",\"itemListElement\":[{\"@type\":\"ListItem\",\"position\":1,\"name\":\"Home\",\"item\":\"https:\\\/\\\/www.stevenbv.nl\\\/de\\\/\"},{\"@type\":\"ListItem\",\"position\":2,\"name\":\"Sicherheit\"}]},{\"@type\":\"WebSite\",\"@id\":\"https:\\\/\\\/www.stevenbv.nl\\\/#website\",\"url\":\"https:\\\/\\\/www.stevenbv.nl\\\/\",\"name\":\"Steven B.V.\",\"description\":\"Afvul- en verpakkingssystemen\",\"publisher\":{\"@id\":\"https:\\\/\\\/www.stevenbv.nl\\\/#organization\"},\"alternateName\":\"Steven BV\",\"potentialAction\":[{\"@type\":\"SearchAction\",\"target\":{\"@type\":\"EntryPoint\",\"urlTemplate\":\"https:\\\/\\\/www.stevenbv.nl\\\/?s={search_term_string}\"},\"query-input\":{\"@type\":\"PropertyValueSpecification\",\"valueRequired\":true,\"valueName\":\"search_term_string\"}}],\"inLanguage\":\"de\"},{\"@type\":\"Organization\",\"@id\":\"https:\\\/\\\/www.stevenbv.nl\\\/#organization\",\"name\":\"Steven B.V.\",\"alternateName\":\"Steven BV\",\"url\":\"https:\\\/\\\/www.stevenbv.nl\\\/\",\"logo\":{\"@type\":\"ImageObject\",\"inLanguage\":\"de\",\"@id\":\"https:\\\/\\\/www.stevenbv.nl\\\/#\\\/schema\\\/logo\\\/image\\\/\",\"url\":\"https:\\\/\\\/www.stevenbv.nl\\\/wp-content\\\/uploads\\\/2025\\\/01\\\/logo-stevenbv.jpg\",\"contentUrl\":\"https:\\\/\\\/www.stevenbv.nl\\\/wp-content\\\/uploads\\\/2025\\\/01\\\/logo-stevenbv.jpg\",\"width\":1000,\"height\":1000,\"caption\":\"Steven B.V.\"},\"image\":{\"@id\":\"https:\\\/\\\/www.stevenbv.nl\\\/#\\\/schema\\\/logo\\\/image\\\/\"},\"sameAs\":[\"https:\\\/\\\/www.facebook.com\\\/stevenbvnederland\\\/\",\"https:\\\/\\\/nl.linkedin.com\\\/company\\\/steven-bv\"]}]}<\/script>\n<!-- \/ Yoast SEO plugin. -->","yoast_head_json":{"title":"Sicherheit - Steven BV","description":"Sicherheit und CE-Zertifizierung bei Steven BV: Zuverl\u00e4ssige und sichere Maschinen, konform mit europ\u00e4ischen Standards.","robots":{"index":"index","follow":"follow","max-snippet":"max-snippet:-1","max-image-preview":"max-image-preview:large","max-video-preview":"max-video-preview:-1"},"canonical":"https:\/\/www.stevenbv.nl\/de\/veiligheid\/","og_locale":"de_DE","og_type":"article","og_title":"Sicherheit - Steven BV","og_description":"Sicherheit und CE-Zertifizierung bei Steven BV: Zuverl\u00e4ssige und sichere Maschinen, konform mit europ\u00e4ischen Standards.","og_url":"https:\/\/www.stevenbv.nl\/de\/veiligheid\/","og_site_name":"Steven BV","article_publisher":"https:\/\/www.facebook.com\/stevenbvnederland\/","article_modified_time":"2024-10-17T07:18:53+00:00","og_image":[{"width":2560,"height":1441,"url":"https:\/\/www.stevenbv.nl\/wp-content\/uploads\/2024\/06\/Autos01.jpg","type":"image\/jpeg"}],"twitter_card":"summary_large_image","schema":{"@context":"https:\/\/schema.org","@graph":[{"@type":"WebPage","@id":"https:\/\/www.stevenbv.nl\/de\/veiligheid\/","url":"https:\/\/www.stevenbv.nl\/de\/veiligheid\/","name":"Sicherheit - Steven BV","isPartOf":{"@id":"https:\/\/www.stevenbv.nl\/#website"},"primaryImageOfPage":{"@id":"https:\/\/www.stevenbv.nl\/de\/veiligheid\/#primaryimage"},"image":{"@id":"https:\/\/www.stevenbv.nl\/de\/veiligheid\/#primaryimage"},"thumbnailUrl":"https:\/\/www.stevenbv.nl\/wp-content\/uploads\/2024\/06\/Autos01.jpg","datePublished":"2024-09-20T10:24:13+00:00","dateModified":"2024-10-17T07:18:53+00:00","description":"Sicherheit und CE-Zertifizierung bei Steven BV: Zuverl\u00e4ssige und sichere Maschinen, konform mit europ\u00e4ischen Standards.","breadcrumb":{"@id":"https:\/\/www.stevenbv.nl\/de\/veiligheid\/#breadcrumb"},"inLanguage":"de","potentialAction":[{"@type":"ReadAction","target":["https:\/\/www.stevenbv.nl\/de\/veiligheid\/"]}]},{"@type":"ImageObject","inLanguage":"de","@id":"https:\/\/www.stevenbv.nl\/de\/veiligheid\/#primaryimage","url":"https:\/\/www.stevenbv.nl\/wp-content\/uploads\/2024\/06\/Autos01.jpg","contentUrl":"https:\/\/www.stevenbv.nl\/wp-content\/uploads\/2024\/06\/Autos01.jpg","width":2560,"height":1441},{"@type":"BreadcrumbList","@id":"https:\/\/www.stevenbv.nl\/de\/veiligheid\/#breadcrumb","itemListElement":[{"@type":"ListItem","position":1,"name":"Home","item":"https:\/\/www.stevenbv.nl\/de\/"},{"@type":"ListItem","position":2,"name":"Sicherheit"}]},{"@type":"WebSite","@id":"https:\/\/www.stevenbv.nl\/#website","url":"https:\/\/www.stevenbv.nl\/","name":"Steven B.V.","description":"Afvul- en verpakkingssystemen","publisher":{"@id":"https:\/\/www.stevenbv.nl\/#organization"},"alternateName":"Steven BV","potentialAction":[{"@type":"SearchAction","target":{"@type":"EntryPoint","urlTemplate":"https:\/\/www.stevenbv.nl\/?s={search_term_string}"},"query-input":{"@type":"PropertyValueSpecification","valueRequired":true,"valueName":"search_term_string"}}],"inLanguage":"de"},{"@type":"Organization","@id":"https:\/\/www.stevenbv.nl\/#organization","name":"Steven B.V.","alternateName":"Steven BV","url":"https:\/\/www.stevenbv.nl\/","logo":{"@type":"ImageObject","inLanguage":"de","@id":"https:\/\/www.stevenbv.nl\/#\/schema\/logo\/image\/","url":"https:\/\/www.stevenbv.nl\/wp-content\/uploads\/2025\/01\/logo-stevenbv.jpg","contentUrl":"https:\/\/www.stevenbv.nl\/wp-content\/uploads\/2025\/01\/logo-stevenbv.jpg","width":1000,"height":1000,"caption":"Steven B.V."},"image":{"@id":"https:\/\/www.stevenbv.nl\/#\/schema\/logo\/image\/"},"sameAs":["https:\/\/www.facebook.com\/stevenbvnederland\/","https:\/\/nl.linkedin.com\/company\/steven-bv"]}]}},"_links":{"self":[{"href":"https:\/\/www.stevenbv.nl\/de\/wp-json\/wp\/v2\/pages\/1372\/"}],"collection":[{"href":"https:\/\/www.stevenbv.nl\/de\/wp-json\/wp\/v2\/pages\/"}],"about":[{"href":"https:\/\/www.stevenbv.nl\/de\/wp-json\/wp\/v2\/types\/page\/"}],"author":[{"embeddable":true,"href":"https:\/\/www.stevenbv.nl\/de\/wp-json\/wp\/v2\/users\/1\/"}],"replies":[{"embeddable":true,"href":"https:\/\/www.stevenbv.nl\/de\/wp-json\/wp\/v2\/comments\/?post=1372"}],"version-history":[{"count":5,"href":"https:\/\/www.stevenbv.nl\/de\/wp-json\/wp\/v2\/pages\/1372\/revisions\/"}],"predecessor-version":[{"id":1377,"href":"https:\/\/www.stevenbv.nl\/de\/wp-json\/wp\/v2\/pages\/1372\/revisions\/1377\/"}],"wp:featuredmedia":[{"embeddable":true,"href":"https:\/\/www.stevenbv.nl\/de\/wp-json\/wp\/v2\/media\/1161\/"}],"wp:attachment":[{"href":"https:\/\/www.stevenbv.nl\/de\/wp-json\/wp\/v2\/media\/?parent=1372"}],"curies":[{"name":"wp","href":"https:\/\/api.w.org\/{rel}","templated":true}]}}