{"id":1362,"date":"2024-09-06T10:41:43","date_gmt":"2024-09-06T08:41:43","guid":{"rendered":"https:\/\/www.stevenbv.nl\/onderhoud\/"},"modified":"2024-10-17T09:09:18","modified_gmt":"2024-10-17T07:09:18","slug":"onderhoud","status":"publish","type":"page","link":"https:\/\/www.stevenbv.nl\/de\/onderhoud\/","title":{"rendered":"Wartung"},"content":{"rendered":"<p>[vc_row css_animation=&#8220;&#8220; row_type=&#8220;row&#8220; use_row_as_full_screen_section=&#8220;no&#8220; type=&#8220;full_width&#8220; angled_section=&#8220;no&#8220; text_align=&#8220;left&#8220; background_image_as_pattern=&#8220;without_pattern&#8220;][vc_column][vc_column_text][\/vc_column_text][\/vc_column][\/vc_row][vc_row css_animation=&#8220;&#8220; row_type=&#8220;row&#8220; use_row_as_full_screen_section=&#8220;no&#8220; type=&#8220;grid&#8220; angled_section=&#8220;no&#8220; text_align=&#8220;center&#8220; background_image_as_pattern=&#8220;without_pattern&#8220; padding_top=&#8220;80&#8243; padding_bottom=&#8220;80&#8243; z_index=&#8220;&#8220;][vc_column width=&#8220;1\/2&#8243;][vc_column_text]<\/p>\n<h5>Die Bedeutung der (pr\u00e4ventiven) Wartung<\/h5>\n<p>[\/vc_column_text][vc_column_text]<\/p>\n<p style=\"text-align: left;\">Stillstand von Maschinen kann erhebliche Auswirkungen auf Ihre Betriebsabl\u00e4ufe haben. Unerwartete Stillst\u00e4nde kosten oft viel mehr als die Kosten f\u00fcr regelm\u00e4\u00dfige pr\u00e4ventive Wartung. Durch die ordnungsgem\u00e4\u00dfe Wartung Ihrer Maschinen verhindern Sie unerwartete Stillst\u00e4nde und sorgen f\u00fcr einen reibungslosen Produktionsablauf. Wir helfen Ihnen dabei gerne.<\/p>\n<p>[\/vc_column_text][\/vc_column][vc_column width=&#8220;1\/2&#8243;][vc_single_image image=&#8220;1161&#8243; img_size=&#8220;full&#8220; alignment=&#8220;right&#8220; qode_css_animation=&#8220;&#8220;][\/vc_column][\/vc_row][vc_row css_animation=&#8220;&#8220; row_type=&#8220;row&#8220; use_row_as_full_screen_section=&#8220;no&#8220; type=&#8220;full_width&#8220; angled_section=&#8220;no&#8220; text_align=&#8220;left&#8220; background_image_as_pattern=&#8220;without_pattern&#8220;][vc_column][vc_column_text]<\/p>\n<p>[\/vc_column_text][\/vc_column][\/vc_row][vc_row css_animation=&#8220;&#8220; row_type=&#8220;row&#8220; use_row_as_full_screen_section=&#8220;no&#8220; type=&#8220;grid&#8220; angled_section=&#8220;no&#8220; text_align=&#8220;center&#8220; background_image_as_pattern=&#8220;without_pattern&#8220; z_index=&#8220;&#8220;][vc_column width=&#8220;1\/2&#8243;][vc_column_text]<\/p>\n<h6>Vorherige Aufnahme und Angebot<\/h6>\n<p>[\/vc_column_text][vc_column_text]<\/p>\n<p style=\"text-align: left;\">Bei Steven BV f\u00fchren wir immer zuerst eine gr\u00fcndliche Aufnahme der Situation durch. Auf dieser Grundlage erstellen wir ein klares Angebot, damit Sie eine gute Einsch\u00e4tzung der zu erwartenden Kosten vornehmen k\u00f6nnen. Dies verhindert unerwartete \u00dcberraschungen und sorgt f\u00fcr Transparenz.<\/p>\n<p>[\/vc_column_text][\/vc_column][vc_column width=&#8220;1\/2&#8243;][vc_column_text]<\/p>\n<h6>Unsere Monteure schnell vor Ort<\/h6>\n<p>[\/vc_column_text][vc_column_text]<\/p>\n<p style=\"text-align: left;\">Sollte doch einmal eine St\u00f6rung auftreten und ein Stillstand drohen, sind unsere Monteure so schnell wie m\u00f6glich unterwegs. Sie sorgen daf\u00fcr, dass Ihre Maschinen schnell wieder betriebsbereit sind, sodass Ihre Produktion so wenig wie m\u00f6glich beeintr\u00e4chtigt wird.<\/p>\n<p>[\/vc_column_text][\/vc_column][\/vc_row][vc_row css_animation=&#8220;&#8220; row_type=&#8220;row&#8220; use_row_as_full_screen_section=&#8220;no&#8220; type=&#8220;grid&#8220; angled_section=&#8220;no&#8220; text_align=&#8220;center&#8220; background_image_as_pattern=&#8220;without_pattern&#8220; z_index=&#8220;&#8220;][vc_column width=&#8220;1\/2&#8243;][vc_empty_space height=&#8220;50px&#8220;][vc_column_text]<\/p>\n<h6>Beratung und Anleitung<\/h6>\n<p>[\/vc_column_text][vc_column_text]<\/p>\n<p style=\"text-align: left;\">Bei Steven BV erhalten Sie auch Beratung und Anleitungen zur richtigen Wartung Ihrer Maschinen. Wir helfen Ihnen gerne mit Tipps und L\u00f6sungen, um die Lebensdauer Ihrer Ausr\u00fcstung zu verl\u00e4ngern und die Effizienz zu steigern.<\/p>\n<p>[\/vc_column_text][vc_empty_space height=&#8220;50px&#8220;][\/vc_column][vc_column width=&#8220;1\/2&#8243;][vc_empty_space][vc_column_text]<\/p>\n<h6 style=\"text-align: left;\">Warum sollten Sie sich f\u00fcr die Wartung bei Steven BV entscheiden?<\/h6>\n<p>[\/vc_column_text][vc_column_text]<\/p>\n<p style=\"text-align: left;\">Steven BV bietet Ihnen einen umfassenden Wartungsservice nach Ma\u00df. Wir sorgen daf\u00fcr, dass Ihre Maschinen in Top-Zustand bleiben, was weniger Stillstand und eine l\u00e4ngere Lebensdauer Ihrer Ausr\u00fcstung zur Folge hat. Nehmen Sie noch heute Kontakt mit uns auf, um mehr \u00fcber unsere Dienstleistungen zu erfahren und zu entdecken, was wir f\u00fcr Ihr Unternehmen tun k\u00f6nnen.<\/p>\n<p>[\/vc_column_text][vc_empty_space][\/vc_column][\/vc_row][vc_row css_animation=&#8220;&#8220; row_type=&#8220;row&#8220; use_row_as_full_screen_section=&#8220;no&#8220; type=&#8220;full_width&#8220; angled_section=&#8220;no&#8220; text_align=&#8220;left&#8220; background_image_as_pattern=&#8220;without_pattern&#8220;][vc_column][vc_column_text]Nehmen Sie Kontakt mit Steven BV auf<\/p>\n<p>M\u00f6chten Sie mehr dar\u00fcber erfahren, wie Steven BV Ihnen bei Ihren Verpackungsbed\u00fcrfnissen helfen kann? Kontaktieren Sie uns unter:<\/p>\n<p>Polderboskdyk 35, 8501 ZJ, Joure<br \/>\n+31 (0) 513 \u2013 410488<br \/>\ninfo@stevenbv.nl[\/vc_column_text][vc_empty_space][\/vc_column][\/vc_row][vc_column width=&#8220;1\/2&#8243;][\/vc_column]<\/p>\n","protected":false},"excerpt":{"rendered":"<p>[vc_row css_animation=&#8220;&#8220; row_type=&#8220;row&#8220; use_row_as_full_screen_section=&#8220;no&#8220; type=&#8220;full_width&#8220; angled_section=&#8220;no&#8220; text_align=&#8220;left&#8220; background_image_as_pattern=&#8220;without_pattern&#8220;][vc_column][vc_column_text][\/vc_column_text][\/vc_column][\/vc_row][vc_row css_animation=&#8220;&#8220; row_type=&#8220;row&#8220; use_row_as_full_screen_section=&#8220;no&#8220; type=&#8220;grid&#8220; angled_section=&#8220;no&#8220; text_align=&#8220;center&#8220; background_image_as_pattern=&#8220;without_pattern&#8220; padding_top=&#8220;80&#8243; padding_bottom=&#8220;80&#8243; z_index=&#8220;&#8220;][vc_column width=&#8220;1\/2&#8243;][vc_column_text] Die Bedeutung der (pr\u00e4ventiven) Wartung [\/vc_column_text][vc_column_text] Stillstand von Maschinen kann erhebliche Auswirkungen auf Ihre Betriebsabl\u00e4ufe haben. Unerwartete Stillst\u00e4nde kosten oft viel mehr als die Kosten f\u00fcr&#8230;<\/p>\n","protected":false},"author":1,"featured_media":1158,"parent":0,"menu_order":0,"comment_status":"closed","ping_status":"closed","template":"","meta":{"_acf_changed":false,"_monsterinsights_skip_tracking":false,"_monsterinsights_sitenote_active":false,"_monsterinsights_sitenote_note":"","_monsterinsights_sitenote_category":0,"_uf_show_specific_survey":0,"_uf_disable_surveys":false,"footnotes":""},"class_list":["post-1362","page","type-page","status-publish","has-post-thumbnail","hentry"],"acf":[],"yoast_head":"<!-- This site is optimized with the Yoast SEO plugin v27.5 - https:\/\/yoast.com\/product\/yoast-seo-wordpress\/ -->\n<title>Wartung - Steven BV<\/title>\n<meta name=\"description\" content=\"Verhindern Sie unerwartete Stillst\u00e4nde und verl\u00e4ngern Sie die Lebensdauer Ihrer Maschinen mit pr\u00e4ventiver Wartung von Steven BV.\" \/>\n<meta name=\"robots\" content=\"index, follow, max-snippet:-1, max-image-preview:large, max-video-preview:-1\" \/>\n<link rel=\"canonical\" href=\"https:\/\/www.stevenbv.nl\/de\/onderhoud\/\" \/>\n<meta property=\"og:locale\" content=\"de_DE\" \/>\n<meta property=\"og:type\" content=\"article\" \/>\n<meta property=\"og:title\" content=\"Wartung - Steven BV\" \/>\n<meta property=\"og:description\" content=\"Verhindern Sie unerwartete Stillst\u00e4nde und verl\u00e4ngern Sie die Lebensdauer Ihrer Maschinen mit pr\u00e4ventiver Wartung von Steven BV.\" \/>\n<meta property=\"og:url\" content=\"https:\/\/www.stevenbv.nl\/de\/onderhoud\/\" \/>\n<meta property=\"og:site_name\" content=\"Steven BV\" \/>\n<meta property=\"article:publisher\" content=\"https:\/\/www.facebook.com\/stevenbvnederland\/\" \/>\n<meta property=\"article:modified_time\" content=\"2024-10-17T07:09:18+00:00\" \/>\n<meta property=\"og:image\" content=\"https:\/\/www.stevenbv.nl\/wp-content\/uploads\/2024\/06\/Autos02.jpg\" \/>\n\t<meta property=\"og:image:width\" content=\"2560\" \/>\n\t<meta property=\"og:image:height\" content=\"1441\" \/>\n\t<meta property=\"og:image:type\" content=\"image\/jpeg\" \/>\n<meta name=\"twitter:card\" content=\"summary_large_image\" \/>\n<script type=\"application\/ld+json\" class=\"yoast-schema-graph\">{\"@context\":\"https:\\\/\\\/schema.org\",\"@graph\":[{\"@type\":\"WebPage\",\"@id\":\"https:\\\/\\\/www.stevenbv.nl\\\/de\\\/onderhoud\\\/\",\"url\":\"https:\\\/\\\/www.stevenbv.nl\\\/de\\\/onderhoud\\\/\",\"name\":\"Wartung - Steven BV\",\"isPartOf\":{\"@id\":\"https:\\\/\\\/www.stevenbv.nl\\\/#website\"},\"primaryImageOfPage\":{\"@id\":\"https:\\\/\\\/www.stevenbv.nl\\\/de\\\/onderhoud\\\/#primaryimage\"},\"image\":{\"@id\":\"https:\\\/\\\/www.stevenbv.nl\\\/de\\\/onderhoud\\\/#primaryimage\"},\"thumbnailUrl\":\"https:\\\/\\\/www.stevenbv.nl\\\/wp-content\\\/uploads\\\/2024\\\/06\\\/Autos02.jpg\",\"datePublished\":\"2024-09-06T08:41:43+00:00\",\"dateModified\":\"2024-10-17T07:09:18+00:00\",\"description\":\"Verhindern Sie unerwartete Stillst\u00e4nde und verl\u00e4ngern Sie die Lebensdauer Ihrer Maschinen mit pr\u00e4ventiver Wartung von Steven BV.\",\"breadcrumb\":{\"@id\":\"https:\\\/\\\/www.stevenbv.nl\\\/de\\\/onderhoud\\\/#breadcrumb\"},\"inLanguage\":\"de\",\"potentialAction\":[{\"@type\":\"ReadAction\",\"target\":[\"https:\\\/\\\/www.stevenbv.nl\\\/de\\\/onderhoud\\\/\"]}]},{\"@type\":\"ImageObject\",\"inLanguage\":\"de\",\"@id\":\"https:\\\/\\\/www.stevenbv.nl\\\/de\\\/onderhoud\\\/#primaryimage\",\"url\":\"https:\\\/\\\/www.stevenbv.nl\\\/wp-content\\\/uploads\\\/2024\\\/06\\\/Autos02.jpg\",\"contentUrl\":\"https:\\\/\\\/www.stevenbv.nl\\\/wp-content\\\/uploads\\\/2024\\\/06\\\/Autos02.jpg\",\"width\":2560,\"height\":1441},{\"@type\":\"BreadcrumbList\",\"@id\":\"https:\\\/\\\/www.stevenbv.nl\\\/de\\\/onderhoud\\\/#breadcrumb\",\"itemListElement\":[{\"@type\":\"ListItem\",\"position\":1,\"name\":\"Home\",\"item\":\"https:\\\/\\\/www.stevenbv.nl\\\/de\\\/\"},{\"@type\":\"ListItem\",\"position\":2,\"name\":\"Wartung\"}]},{\"@type\":\"WebSite\",\"@id\":\"https:\\\/\\\/www.stevenbv.nl\\\/#website\",\"url\":\"https:\\\/\\\/www.stevenbv.nl\\\/\",\"name\":\"Steven B.V.\",\"description\":\"Afvul- en verpakkingssystemen\",\"publisher\":{\"@id\":\"https:\\\/\\\/www.stevenbv.nl\\\/#organization\"},\"alternateName\":\"Steven BV\",\"potentialAction\":[{\"@type\":\"SearchAction\",\"target\":{\"@type\":\"EntryPoint\",\"urlTemplate\":\"https:\\\/\\\/www.stevenbv.nl\\\/?s={search_term_string}\"},\"query-input\":{\"@type\":\"PropertyValueSpecification\",\"valueRequired\":true,\"valueName\":\"search_term_string\"}}],\"inLanguage\":\"de\"},{\"@type\":\"Organization\",\"@id\":\"https:\\\/\\\/www.stevenbv.nl\\\/#organization\",\"name\":\"Steven B.V.\",\"alternateName\":\"Steven BV\",\"url\":\"https:\\\/\\\/www.stevenbv.nl\\\/\",\"logo\":{\"@type\":\"ImageObject\",\"inLanguage\":\"de\",\"@id\":\"https:\\\/\\\/www.stevenbv.nl\\\/#\\\/schema\\\/logo\\\/image\\\/\",\"url\":\"https:\\\/\\\/www.stevenbv.nl\\\/wp-content\\\/uploads\\\/2025\\\/01\\\/logo-stevenbv.jpg\",\"contentUrl\":\"https:\\\/\\\/www.stevenbv.nl\\\/wp-content\\\/uploads\\\/2025\\\/01\\\/logo-stevenbv.jpg\",\"width\":1000,\"height\":1000,\"caption\":\"Steven B.V.\"},\"image\":{\"@id\":\"https:\\\/\\\/www.stevenbv.nl\\\/#\\\/schema\\\/logo\\\/image\\\/\"},\"sameAs\":[\"https:\\\/\\\/www.facebook.com\\\/stevenbvnederland\\\/\",\"https:\\\/\\\/nl.linkedin.com\\\/company\\\/steven-bv\"]}]}<\/script>\n<!-- \/ Yoast SEO plugin. -->","yoast_head_json":{"title":"Wartung - Steven BV","description":"Verhindern Sie unerwartete Stillst\u00e4nde und verl\u00e4ngern Sie die Lebensdauer Ihrer Maschinen mit pr\u00e4ventiver Wartung von Steven BV.","robots":{"index":"index","follow":"follow","max-snippet":"max-snippet:-1","max-image-preview":"max-image-preview:large","max-video-preview":"max-video-preview:-1"},"canonical":"https:\/\/www.stevenbv.nl\/de\/onderhoud\/","og_locale":"de_DE","og_type":"article","og_title":"Wartung - Steven BV","og_description":"Verhindern Sie unerwartete Stillst\u00e4nde und verl\u00e4ngern Sie die Lebensdauer Ihrer Maschinen mit pr\u00e4ventiver Wartung von Steven BV.","og_url":"https:\/\/www.stevenbv.nl\/de\/onderhoud\/","og_site_name":"Steven BV","article_publisher":"https:\/\/www.facebook.com\/stevenbvnederland\/","article_modified_time":"2024-10-17T07:09:18+00:00","og_image":[{"width":2560,"height":1441,"url":"https:\/\/www.stevenbv.nl\/wp-content\/uploads\/2024\/06\/Autos02.jpg","type":"image\/jpeg"}],"twitter_card":"summary_large_image","schema":{"@context":"https:\/\/schema.org","@graph":[{"@type":"WebPage","@id":"https:\/\/www.stevenbv.nl\/de\/onderhoud\/","url":"https:\/\/www.stevenbv.nl\/de\/onderhoud\/","name":"Wartung - Steven BV","isPartOf":{"@id":"https:\/\/www.stevenbv.nl\/#website"},"primaryImageOfPage":{"@id":"https:\/\/www.stevenbv.nl\/de\/onderhoud\/#primaryimage"},"image":{"@id":"https:\/\/www.stevenbv.nl\/de\/onderhoud\/#primaryimage"},"thumbnailUrl":"https:\/\/www.stevenbv.nl\/wp-content\/uploads\/2024\/06\/Autos02.jpg","datePublished":"2024-09-06T08:41:43+00:00","dateModified":"2024-10-17T07:09:18+00:00","description":"Verhindern Sie unerwartete Stillst\u00e4nde und verl\u00e4ngern Sie die Lebensdauer Ihrer Maschinen mit pr\u00e4ventiver Wartung von Steven BV.","breadcrumb":{"@id":"https:\/\/www.stevenbv.nl\/de\/onderhoud\/#breadcrumb"},"inLanguage":"de","potentialAction":[{"@type":"ReadAction","target":["https:\/\/www.stevenbv.nl\/de\/onderhoud\/"]}]},{"@type":"ImageObject","inLanguage":"de","@id":"https:\/\/www.stevenbv.nl\/de\/onderhoud\/#primaryimage","url":"https:\/\/www.stevenbv.nl\/wp-content\/uploads\/2024\/06\/Autos02.jpg","contentUrl":"https:\/\/www.stevenbv.nl\/wp-content\/uploads\/2024\/06\/Autos02.jpg","width":2560,"height":1441},{"@type":"BreadcrumbList","@id":"https:\/\/www.stevenbv.nl\/de\/onderhoud\/#breadcrumb","itemListElement":[{"@type":"ListItem","position":1,"name":"Home","item":"https:\/\/www.stevenbv.nl\/de\/"},{"@type":"ListItem","position":2,"name":"Wartung"}]},{"@type":"WebSite","@id":"https:\/\/www.stevenbv.nl\/#website","url":"https:\/\/www.stevenbv.nl\/","name":"Steven B.V.","description":"Afvul- en verpakkingssystemen","publisher":{"@id":"https:\/\/www.stevenbv.nl\/#organization"},"alternateName":"Steven BV","potentialAction":[{"@type":"SearchAction","target":{"@type":"EntryPoint","urlTemplate":"https:\/\/www.stevenbv.nl\/?s={search_term_string}"},"query-input":{"@type":"PropertyValueSpecification","valueRequired":true,"valueName":"search_term_string"}}],"inLanguage":"de"},{"@type":"Organization","@id":"https:\/\/www.stevenbv.nl\/#organization","name":"Steven B.V.","alternateName":"Steven BV","url":"https:\/\/www.stevenbv.nl\/","logo":{"@type":"ImageObject","inLanguage":"de","@id":"https:\/\/www.stevenbv.nl\/#\/schema\/logo\/image\/","url":"https:\/\/www.stevenbv.nl\/wp-content\/uploads\/2025\/01\/logo-stevenbv.jpg","contentUrl":"https:\/\/www.stevenbv.nl\/wp-content\/uploads\/2025\/01\/logo-stevenbv.jpg","width":1000,"height":1000,"caption":"Steven B.V."},"image":{"@id":"https:\/\/www.stevenbv.nl\/#\/schema\/logo\/image\/"},"sameAs":["https:\/\/www.facebook.com\/stevenbvnederland\/","https:\/\/nl.linkedin.com\/company\/steven-bv"]}]}},"_links":{"self":[{"href":"https:\/\/www.stevenbv.nl\/de\/wp-json\/wp\/v2\/pages\/1362\/"}],"collection":[{"href":"https:\/\/www.stevenbv.nl\/de\/wp-json\/wp\/v2\/pages\/"}],"about":[{"href":"https:\/\/www.stevenbv.nl\/de\/wp-json\/wp\/v2\/types\/page\/"}],"author":[{"embeddable":true,"href":"https:\/\/www.stevenbv.nl\/de\/wp-json\/wp\/v2\/users\/1\/"}],"replies":[{"embeddable":true,"href":"https:\/\/www.stevenbv.nl\/de\/wp-json\/wp\/v2\/comments\/?post=1362"}],"version-history":[{"count":7,"href":"https:\/\/www.stevenbv.nl\/de\/wp-json\/wp\/v2\/pages\/1362\/revisions\/"}],"predecessor-version":[{"id":1370,"href":"https:\/\/www.stevenbv.nl\/de\/wp-json\/wp\/v2\/pages\/1362\/revisions\/1370\/"}],"wp:featuredmedia":[{"embeddable":true,"href":"https:\/\/www.stevenbv.nl\/de\/wp-json\/wp\/v2\/media\/1158\/"}],"wp:attachment":[{"href":"https:\/\/www.stevenbv.nl\/de\/wp-json\/wp\/v2\/media\/?parent=1362"}],"curies":[{"name":"wp","href":"https:\/\/api.w.org\/{rel}","templated":true}]}}