{"id":1355,"date":"2018-10-16T07:03:59","date_gmt":"2018-10-16T07:03:59","guid":{"rendered":"https:\/\/www.stevenbv.nl\/contact\/"},"modified":"2025-11-18T19:47:20","modified_gmt":"2025-11-18T18:47:20","slug":"contact","status":"publish","type":"page","link":"https:\/\/www.stevenbv.nl\/de\/contact\/","title":{"rendered":"Kontakt"},"content":{"rendered":"<p>[vc_row css_animation=&#8220;&#8220; row_type=&#8220;row&#8220; use_row_as_full_screen_section=&#8220;no&#8220; type=&#8220;full_width&#8220; angled_section=&#8220;no&#8220; text_align=&#8220;left&#8220; background_image_as_pattern=&#8220;without_pattern&#8220;][vc_column][vc_gmaps link=&#8220;#E-8_JTNDaWZyYW1lJTIwc3JjJTNEJTIyaHR0cHMlM0ElMkYlMkZ3d3cuZ29vZ2xlLmNvbSUyRm1hcHMlMkZlbWJlZCUzRnBiJTNEJTIxMW0xOCUyMTFtMTIlMjExbTMlMjExZDE1MzgxNC45MDI3OTkxMTU2MyUyMTJkNS42Nzg5MTk2NjQ4NDAxNDclMjEzZDUyLjk1OTk3NjU2NzMxMDUzJTIxMm0zJTIxMWYwJTIxMmYwJTIxM2YwJTIxM20yJTIxMWkxMDI0JTIxMmk3NjglMjE0ZjEzLjElMjEzbTMlMjExbTIlMjExczB4NDdjOGY1YmQwODM5NzM5NSUyNTNBMHg5NmY5MzZiYjdjMWRmZDBhJTIxMnNQb2xkZXJib3NrZHlrJTJCMzUlMjUyQyUyQjg1MDElMkJaSiUyQkpvdXJlJTIxNWUwJTIxM20yJTIxMXNubCUyMTJzbmwlMjE0djE1NDIyOTM1NzgxNzclMjIlMjB3aWR0aCUzRCUyMjYwMCUyMiUyMGhlaWdodCUzRCUyMjQ1MCUyMiUyMGZyYW1lYm9yZGVyJTNEJTIyMCUyMiUyMHN0eWxlJTNEJTIyYm9yZGVyJTNBMCUyMiUyMGFsbG93ZnVsbHNjcmVlbiUzRSUzQyUyRmlmcmFtZSUzRQ==&#8220; size=&#8220;450&#8243;][\/vc_column][\/vc_row][vc_row css_animation=&#8220;&#8220; row_type=&#8220;row&#8220; use_row_as_full_screen_section=&#8220;no&#8220; type=&#8220;grid&#8220; angled_section=&#8220;no&#8220; text_align=&#8220;center&#8220; background_image_as_pattern=&#8220;without_pattern&#8220; padding_top=&#8220;80&#8243; padding_bottom=&#8220;80&#8243; z_index=&#8220;&#8220;][vc_column][vc_column_text]<\/p>\n<h1>Nehmen Sie Kontakt auf<\/h1>\n<p>[\/vc_column_text][vc_separator type=&#8220;small&#8220; position=&#8220;center&#8220; color=&#8220;#77ac2b&#8220; thickness=&#8220;5&#8243; width=&#8220;50&#8243; up=&#8220;35&#8243;][vc_empty_space][qode_elements_holder number_of_columns=&#8220;two_columns&#8220;][qode_elements_holder_item vertical_alignment=&#8220;middle&#8220; advanced_animations=&#8220;no&#8220;][vc_single_image image=&#8220;283&#8243; img_size=&#8220;full&#8220; qode_css_animation=&#8220;&#8220;][\/qode_elements_holder_item][qode_elements_holder_item background_color=&#8220;#ffffff&#8220; item_padding=&#8220;80px&#8220; vertical_alignment=&#8220;middle&#8220; horizontal_alignment=&#8220;left&#8220; advanced_animations=&#8220;no&#8220;][vc_column_text]<\/p>\n<h2>Steven BV<\/h2>\n<p>[\/vc_column_text][vc_empty_space][vc_raw_html]JTNDZGl2JTIwY2xhc3MlM0QlMjJxX2ljb25fbGlzdCUyMiUzRSUwQSUzQ2klMjBjbGFzcyUzRCUyMnFvZGVfaWNvbl9mb250X2F3ZXNvbWUlMjBmYSUyMGZhLW1hcC1tYXJrZXIlMjBxb2RlLWlsaS1pY29uLWhvbGRlciUyMHRyYW5zcGFyZW50JTIyJTIwc3R5bGUlM0QlMjJmb250LXNpemUlM0ElMjAyMnB4JTNCY29sb3IlM0ElMjAlMjM3N2FjMmIlM0IlMjIlMjAlM0UlM0MlMkZpJTNFJTBBJTNDcCUyMHN0eWxlJTNEJTIyZm9udC1zaXplJTNBJTIwMThweCUzQiUyMiUzRVBvbGRlcmJvc2tkeWslMjAzNSUzQiUyMDg1MDElMjBaSiUyQyUyMEpvdXJlJTNDJTJGcCUzRSUwQSUzQyUyRmRpdiUzRSUwQSUzQ2RpdiUyMGNsYXNzJTNEJTIycV9pY29uX2xpc3QlMjIlM0UlMEElM0NpJTIwY2xhc3MlM0QlMjJxb2RlX2ljb25fZm9udF9hd2Vzb21lJTIwZmElMjBmYS1waG9uZSUyMHFvZGUtaWxpLWljb24taG9sZGVyJTIwdHJhbnNwYXJlbnQlMjIlMjBzdHlsZSUzRCUyMmZvbnQtc2l6ZSUzQSUyMDIycHglM0Jjb2xvciUzQSUyMCUyMzc3YWMyYiUzQiUyMiUyMCUzRSUzQyUyRmklM0UlMEElM0NhJTIwaHJlZiUzRCUyMnRlbCUzQTAwMzE1MTM0MTA0ODglMjIlM0UlM0NwJTIwc3R5bGUlM0QlMjJmb250LXNpemUlM0ElMjAxOHB4JTNCJTIyJTNFJTJCMzElMjAlMjgwJTI5JTIwNTEzJTIwLSUyMDQxMDQ4OCUzQyUyRnAlM0UlM0MlMkZhJTNFJTBBJTNDJTJGZGl2JTNFJTBBJTNDZGl2JTIwY2xhc3MlM0QlMjJxX2ljb25fbGlzdCUyMiUzRSUwQSUzQ2klMjBjbGFzcyUzRCUyMnFvZGVfaWNvbl9mb250X2F3ZXNvbWUlMjBmYSUyMGZhLWVudmVsb3BlJTIwcW9kZS1pbGktaWNvbi1ob2xkZXIlMjB0cmFuc3BhcmVudCUyMiUyMHN0eWxlJTNEJTIyZm9udC1zaXplJTNBJTIwMjJweCUzQmNvbG9yJTNBJTIwJTIzNzdhYzJiJTNCJTIyJTIwJTNFJTNDJTJGaSUzRSUwQSUwOSUzQ2ElMjBocmVmJTNEJTIybWFpbHRvJTNBaW5mbyU0MHN0ZXZlbmJ2Lm5sJTIyJTNFJTNDcCUyMHN0eWxlJTNEJTIyZm9udC1zaXplJTNBJTIwMThweCUzQiUyMiUzRWluZm8lNDBzdGV2ZW5idi5ubCUzQyUyRnAlM0UlM0MlMkZhJTNFJTBBJTNDJTJGZGl2JTNF[\/vc_raw_html][\/qode_elements_holder_item][\/qode_elements_holder][\/vc_column][\/vc_row][vc_row css_animation=&#8220;&#8220; row_type=&#8220;row&#8220; use_row_as_full_screen_section=&#8220;no&#8220; type=&#8220;full_width&#8220; angled_section=&#8220;no&#8220; text_align=&#8220;left&#8220; background_image_as_pattern=&#8220;without_pattern&#8220;][vc_column width=&#8220;1\/4&#8243;][\/vc_column][vc_column width=&#8220;3\/4&#8243;][vc_column_text]\n<div class=\"wpcf7 no-js\" id=\"wpcf7-f801-o1\" lang=\"nl-NL\" dir=\"ltr\" data-wpcf7-id=\"801\">\n<div class=\"screen-reader-response\"><p role=\"status\" aria-live=\"polite\" aria-atomic=\"true\"><\/p> <ul><\/ul><\/div>\n<form action=\"\/de\/wp-json\/wp\/v2\/pages\/1355\/#wpcf7-f801-o1\" method=\"post\" class=\"wpcf7-form init\" aria-label=\"Contactformulier\" novalidate=\"novalidate\" data-status=\"init\">\n<fieldset class=\"hidden-fields-container\"><input type=\"hidden\" name=\"_wpcf7\" value=\"801\" \/><input type=\"hidden\" name=\"_wpcf7_version\" value=\"6.1.5\" \/><input type=\"hidden\" name=\"_wpcf7_locale\" value=\"nl_NL\" \/><input type=\"hidden\" name=\"_wpcf7_unit_tag\" value=\"wpcf7-f801-o1\" \/><input type=\"hidden\" name=\"_wpcf7_container_post\" value=\"0\" \/><input type=\"hidden\" name=\"_wpcf7_posted_data_hash\" value=\"\" \/><input type=\"hidden\" name=\"_wpcf7_recaptcha_response\" value=\"\" \/>\n<\/fieldset>\n<p><label> Naam \/ Name \/ Name<br \/>\n<span class=\"wpcf7-form-control-wrap\" data-name=\"your-name\"><input size=\"40\" maxlength=\"400\" class=\"wpcf7-form-control wpcf7-text wpcf7-validates-as-required\" autocomplete=\"name\" aria-required=\"true\" aria-invalid=\"false\" value=\"\" type=\"text\" name=\"your-name\" \/><\/span> <\/label>\n<\/p>\n<p><label> E-mailadres \/ Email Address \/ E-Mail-Adresse<br \/>\n<span class=\"wpcf7-form-control-wrap\" data-name=\"your-email\"><input size=\"40\" maxlength=\"400\" class=\"wpcf7-form-control wpcf7-email wpcf7-validates-as-required wpcf7-text wpcf7-validates-as-email\" autocomplete=\"email\" aria-required=\"true\" aria-invalid=\"false\" value=\"\" type=\"email\" name=\"your-email\" \/><\/span> <\/label>\n<\/p>\n<p><label> Ik heb een vraag over \/ I have a question about \/ Ich habe eine Frage zu<br \/>\n<span class=\"wpcf7-form-control-wrap\" data-name=\"your-message\"><textarea cols=\"40\" rows=\"10\" maxlength=\"2000\" class=\"wpcf7-form-control wpcf7-textarea wpcf7-validates-as-required\" aria-required=\"true\" aria-invalid=\"false\" name=\"your-message\"><\/textarea><\/span> <\/label>\n<\/p>\n\n<div style=\"display: flex; gap: 10px; align-items: center; flex-wrap: wrap;\">\n\t<p><input class=\"wpcf7-form-control wpcf7-submit has-spinner\" type=\"submit\" value=\"Verzenden \/ Submit \/ Senden\" \/>\n\t<\/p>\n\t<p><a href=\"https:\/\/wa.me\/message\/YPD6RXGM4TQQA1\" target=\"_blank\" rel=\"noopener\" \n       style=\"background-color: #7BA428; color: white; text-align: center; padding: 10px 20px; border: none; cursor: pointer; border-radius: 3px; font-size: 16px; text-decoration: none; display: flex; align-items: center; justify-content: center; height: 40px;\"><br \/>\nNeem contact op via WhatsApp<br \/>\n<\/a>\n\t<\/p>\n<\/div><div class=\"wpcf7-response-output\" aria-hidden=\"true\"><\/div>\n<\/form>\n<\/div>\n<div id=\"gtx-trans\" style=\"position: absolute; left: 146px; top: 38.3333px;\">\n<div class=\"gtx-trans-icon\"><\/div>\n<\/div>\n<p>[\/vc_column_text][\/vc_column][\/vc_row][vc_row css_animation=&#8220;&#8220; row_type=&#8220;row&#8220; use_row_as_full_screen_section=&#8220;no&#8220; type=&#8220;full_width&#8220; angled_section=&#8220;no&#8220; text_align=&#8220;left&#8220; background_image_as_pattern=&#8220;without_pattern&#8220;][vc_column][vc_empty_space][\/vc_column][\/vc_row]<\/p>\n","protected":false},"excerpt":{"rendered":"<p>[vc_row css_animation=&#8220;&#8220; row_type=&#8220;row&#8220; use_row_as_full_screen_section=&#8220;no&#8220; type=&#8220;full_width&#8220; angled_section=&#8220;no&#8220; text_align=&#8220;left&#8220; background_image_as_pattern=&#8220;without_pattern&#8220;][vc_column][vc_gmaps link=&#8220;#E-8_JTNDaWZyYW1lJTIwc3JjJTNEJTIyaHR0cHMlM0ElMkYlMkZ3d3cuZ29vZ2xlLmNvbSUyRm1hcHMlMkZlbWJlZCUzRnBiJTNEJTIxMW0xOCUyMTFtMTIlMjExbTMlMjExZDE1MzgxNC45MDI3OTkxMTU2MyUyMTJkNS42Nzg5MTk2NjQ4NDAxNDclMjEzZDUyLjk1OTk3NjU2NzMxMDUzJTIxMm0zJTIxMWYwJTIxMmYwJTIxM2YwJTIxM20yJTIxMWkxMDI0JTIxMmk3NjglMjE0ZjEzLjElMjEzbTMlMjExbTIlMjExczB4NDdjOGY1YmQwODM5NzM5NSUyNTNBMHg5NmY5MzZiYjdjMWRmZDBhJTIxMnNQb2xkZXJib3NrZHlrJTJCMzUlMjUyQyUyQjg1MDElMkJaSiUyQkpvdXJlJTIxNWUwJTIxM20yJTIxMXNubCUyMTJzbmwlMjE0djE1NDIyOTM1NzgxNzclMjIlMjB3aWR0aCUzRCUyMjYwMCUyMiUyMGhlaWdodCUzRCUyMjQ1MCUyMiUyMGZyYW1lYm9yZGVyJTNEJTIyMCUyMiUyMHN0eWxlJTNEJTIyYm9yZGVyJTNBMCUyMiUyMGFsbG93ZnVsbHNjcmVlbiUzRSUzQyUyRmlmcmFtZSUzRQ==&#8220; size=&#8220;450&#8243;][\/vc_column][\/vc_row][vc_row css_animation=&#8220;&#8220; row_type=&#8220;row&#8220; use_row_as_full_screen_section=&#8220;no&#8220; type=&#8220;grid&#8220; angled_section=&#8220;no&#8220; text_align=&#8220;center&#8220; background_image_as_pattern=&#8220;without_pattern&#8220; padding_top=&#8220;80&#8243; padding_bottom=&#8220;80&#8243; z_index=&#8220;&#8220;][vc_column][vc_column_text] Nehmen Sie Kontakt auf [\/vc_column_text][vc_separator type=&#8220;small&#8220; position=&#8220;center&#8220; color=&#8220;#77ac2b&#8220; thickness=&#8220;5&#8243; width=&#8220;50&#8243; up=&#8220;35&#8243;][vc_empty_space][qode_elements_holder number_of_columns=&#8220;two_columns&#8220;][qode_elements_holder_item vertical_alignment=&#8220;middle&#8220; advanced_animations=&#8220;no&#8220;][vc_single_image image=&#8220;283&#8243; img_size=&#8220;full&#8220; qode_css_animation=&#8220;&#8220;][\/qode_elements_holder_item][qode_elements_holder_item background_color=&#8220;#ffffff&#8220; item_padding=&#8220;80px&#8220; vertical_alignment=&#8220;middle&#8220; horizontal_alignment=&#8220;left&#8220; advanced_animations=&#8220;no&#8220;][vc_column_text] Steven BV [\/vc_column_text][vc_empty_space][vc_raw_html]JTNDZGl2JTIwY2xhc3MlM0QlMjJxX2ljb25fbGlzdCUyMiUzRSUwQSUzQ2klMjBjbGFzcyUzRCUyMnFvZGVfaWNvbl9mb250X2F3ZXNvbWUlMjBmYSUyMGZhLW1hcC1tYXJrZXIlMjBxb2RlLWlsaS1pY29uLWhvbGRlciUyMHRyYW5zcGFyZW50JTIyJTIwc3R5bGUlM0QlMjJmb250LXNpemUlM0ElMjAyMnB4JTNCY29sb3IlM0ElMjAlMjM3N2FjMmIlM0IlMjIlMjAlM0UlM0MlMkZpJTNFJTBBJTNDcCUyMHN0eWxlJTNEJTIyZm9udC1zaXplJTNBJTIwMThweCUzQiUyMiUzRVBvbGRlcmJvc2tkeWslMjAzNSUzQiUyMDg1MDElMjBaSiUyQyUyMEpvdXJlJTNDJTJGcCUzRSUwQSUzQyUyRmRpdiUzRSUwQSUzQ2RpdiUyMGNsYXNzJTNEJTIycV9pY29uX2xpc3QlMjIlM0UlMEElM0NpJTIwY2xhc3MlM0QlMjJxb2RlX2ljb25fZm9udF9hd2Vzb21lJTIwZmElMjBmYS1waG9uZSUyMHFvZGUtaWxpLWljb24taG9sZGVyJTIwdHJhbnNwYXJlbnQlMjIlMjBzdHlsZSUzRCUyMmZvbnQtc2l6ZSUzQSUyMDIycHglM0Jjb2xvciUzQSUyMCUyMzc3YWMyYiUzQiUyMiUyMCUzRSUzQyUyRmklM0UlMEElM0NhJTIwaHJlZiUzRCUyMnRlbCUzQTAwMzE1MTM0MTA0ODglMjIlM0UlM0NwJTIwc3R5bGUlM0QlMjJmb250LXNpemUlM0ElMjAxOHB4JTNCJTIyJTNFJTJCMzElMjAlMjgwJTI5JTIwNTEzJTIwLSUyMDQxMDQ4OCUzQyUyRnAlM0UlM0MlMkZhJTNFJTBBJTNDJTJGZGl2JTNFJTBBJTNDZGl2JTIwY2xhc3MlM0QlMjJxX2ljb25fbGlzdCUyMiUzRSUwQSUzQ2klMjBjbGFzcyUzRCUyMnFvZGVfaWNvbl9mb250X2F3ZXNvbWUlMjBmYSUyMGZhLWVudmVsb3BlJTIwcW9kZS1pbGktaWNvbi1ob2xkZXIlMjB0cmFuc3BhcmVudCUyMiUyMHN0eWxlJTNEJTIyZm9udC1zaXplJTNBJTIwMjJweCUzQmNvbG9yJTNBJTIwJTIzNzdhYzJiJTNCJTIyJTIwJTNFJTNDJTJGaSUzRSUwQSUwOSUzQ2ElMjBocmVmJTNEJTIybWFpbHRvJTNBaW5mbyU0MHN0ZXZlbmJ2Lm5sJTIyJTNFJTNDcCUyMHN0eWxlJTNEJTIyZm9udC1zaXplJTNBJTIwMThweCUzQiUyMiUzRWluZm8lNDBzdGV2ZW5idi5ubCUzQyUyRnAlM0UlM0MlMkZhJTNFJTBBJTNDJTJGZGl2JTNF[\/vc_raw_html][\/qode_elements_holder_item][\/qode_elements_holder][\/vc_column][\/vc_row][vc_row&#8230;<\/p>\n","protected":false},"author":1,"featured_media":0,"parent":0,"menu_order":0,"comment_status":"closed","ping_status":"closed","template":"full_width.php","meta":{"_acf_changed":false,"_monsterinsights_skip_tracking":false,"_monsterinsights_sitenote_active":false,"_monsterinsights_sitenote_note":"","_monsterinsights_sitenote_category":0,"_uf_show_specific_survey":0,"_uf_disable_surveys":false,"footnotes":""},"class_list":["post-1355","page","type-page","status-publish","hentry"],"acf":[],"yoast_head":"<!-- This site is optimized with the Yoast SEO plugin v27.5 - https:\/\/yoast.com\/product\/yoast-seo-wordpress\/ -->\n<title>Kontakt zu Steven BV | Abf\u00fcll- und Verpackungsl\u00f6sungen<\/title>\n<meta name=\"description\" content=\"Kontaktieren Sie Steven BV f\u00fcr fachkundige Beratung zu ma\u00dfgeschneiderten Abf\u00fcll- und Verpackungssystemen. Wir beraten Sie gerne unverbindlich.\" \/>\n<meta name=\"robots\" content=\"index, follow, max-snippet:-1, max-image-preview:large, max-video-preview:-1\" \/>\n<link rel=\"canonical\" href=\"https:\/\/www.stevenbv.nl\/de\/contact\/\" \/>\n<meta property=\"og:locale\" content=\"de_DE\" \/>\n<meta property=\"og:type\" content=\"article\" \/>\n<meta property=\"og:title\" content=\"Kontakt zu Steven BV | Abf\u00fcll- und Verpackungsl\u00f6sungen\" \/>\n<meta property=\"og:description\" content=\"Kontaktieren Sie Steven BV f\u00fcr fachkundige Beratung zu ma\u00dfgeschneiderten Abf\u00fcll- und Verpackungssystemen. Wir beraten Sie gerne unverbindlich.\" \/>\n<meta property=\"og:url\" content=\"https:\/\/www.stevenbv.nl\/de\/contact\/\" \/>\n<meta property=\"og:site_name\" content=\"Steven BV\" \/>\n<meta property=\"article:publisher\" content=\"https:\/\/www.facebook.com\/stevenbvnederland\/\" \/>\n<meta property=\"article:modified_time\" content=\"2025-11-18T18:47:20+00:00\" \/>\n<meta property=\"og:image\" content=\"https:\/\/www.stevenbv.nl\/wp-content\/uploads\/2025\/01\/logo-stevenbv.jpg\" \/>\n\t<meta property=\"og:image:width\" content=\"1000\" \/>\n\t<meta property=\"og:image:height\" content=\"1000\" \/>\n\t<meta property=\"og:image:type\" content=\"image\/jpeg\" \/>\n<meta name=\"twitter:card\" content=\"summary_large_image\" \/>\n<script type=\"application\/ld+json\" class=\"yoast-schema-graph\">{\"@context\":\"https:\\\/\\\/schema.org\",\"@graph\":[{\"@type\":\"WebPage\",\"@id\":\"https:\\\/\\\/www.stevenbv.nl\\\/de\\\/contact\\\/\",\"url\":\"https:\\\/\\\/www.stevenbv.nl\\\/de\\\/contact\\\/\",\"name\":\"Kontakt zu Steven BV | Abf\u00fcll- und Verpackungsl\u00f6sungen\",\"isPartOf\":{\"@id\":\"https:\\\/\\\/www.stevenbv.nl\\\/#website\"},\"datePublished\":\"2018-10-16T07:03:59+00:00\",\"dateModified\":\"2025-11-18T18:47:20+00:00\",\"description\":\"Kontaktieren Sie Steven BV f\u00fcr fachkundige Beratung zu ma\u00dfgeschneiderten Abf\u00fcll- und Verpackungssystemen. Wir beraten Sie gerne unverbindlich.\",\"breadcrumb\":{\"@id\":\"https:\\\/\\\/www.stevenbv.nl\\\/de\\\/contact\\\/#breadcrumb\"},\"inLanguage\":\"de\",\"potentialAction\":[{\"@type\":\"ReadAction\",\"target\":[\"https:\\\/\\\/www.stevenbv.nl\\\/de\\\/contact\\\/\"]}]},{\"@type\":\"BreadcrumbList\",\"@id\":\"https:\\\/\\\/www.stevenbv.nl\\\/de\\\/contact\\\/#breadcrumb\",\"itemListElement\":[{\"@type\":\"ListItem\",\"position\":1,\"name\":\"Home\",\"item\":\"https:\\\/\\\/www.stevenbv.nl\\\/de\\\/\"},{\"@type\":\"ListItem\",\"position\":2,\"name\":\"Kontakt\"}]},{\"@type\":\"WebSite\",\"@id\":\"https:\\\/\\\/www.stevenbv.nl\\\/#website\",\"url\":\"https:\\\/\\\/www.stevenbv.nl\\\/\",\"name\":\"Steven B.V.\",\"description\":\"Afvul- en verpakkingssystemen\",\"publisher\":{\"@id\":\"https:\\\/\\\/www.stevenbv.nl\\\/#organization\"},\"alternateName\":\"Steven BV\",\"potentialAction\":[{\"@type\":\"SearchAction\",\"target\":{\"@type\":\"EntryPoint\",\"urlTemplate\":\"https:\\\/\\\/www.stevenbv.nl\\\/?s={search_term_string}\"},\"query-input\":{\"@type\":\"PropertyValueSpecification\",\"valueRequired\":true,\"valueName\":\"search_term_string\"}}],\"inLanguage\":\"de\"},{\"@type\":\"Organization\",\"@id\":\"https:\\\/\\\/www.stevenbv.nl\\\/#organization\",\"name\":\"Steven B.V.\",\"alternateName\":\"Steven BV\",\"url\":\"https:\\\/\\\/www.stevenbv.nl\\\/\",\"logo\":{\"@type\":\"ImageObject\",\"inLanguage\":\"de\",\"@id\":\"https:\\\/\\\/www.stevenbv.nl\\\/#\\\/schema\\\/logo\\\/image\\\/\",\"url\":\"https:\\\/\\\/www.stevenbv.nl\\\/wp-content\\\/uploads\\\/2025\\\/01\\\/logo-stevenbv.jpg\",\"contentUrl\":\"https:\\\/\\\/www.stevenbv.nl\\\/wp-content\\\/uploads\\\/2025\\\/01\\\/logo-stevenbv.jpg\",\"width\":1000,\"height\":1000,\"caption\":\"Steven B.V.\"},\"image\":{\"@id\":\"https:\\\/\\\/www.stevenbv.nl\\\/#\\\/schema\\\/logo\\\/image\\\/\"},\"sameAs\":[\"https:\\\/\\\/www.facebook.com\\\/stevenbvnederland\\\/\",\"https:\\\/\\\/nl.linkedin.com\\\/company\\\/steven-bv\"]}]}<\/script>\n<!-- \/ Yoast SEO plugin. -->","yoast_head_json":{"title":"Kontakt zu Steven BV | Abf\u00fcll- und Verpackungsl\u00f6sungen","description":"Kontaktieren Sie Steven BV f\u00fcr fachkundige Beratung zu ma\u00dfgeschneiderten Abf\u00fcll- und Verpackungssystemen. Wir beraten Sie gerne unverbindlich.","robots":{"index":"index","follow":"follow","max-snippet":"max-snippet:-1","max-image-preview":"max-image-preview:large","max-video-preview":"max-video-preview:-1"},"canonical":"https:\/\/www.stevenbv.nl\/de\/contact\/","og_locale":"de_DE","og_type":"article","og_title":"Kontakt zu Steven BV | Abf\u00fcll- und Verpackungsl\u00f6sungen","og_description":"Kontaktieren Sie Steven BV f\u00fcr fachkundige Beratung zu ma\u00dfgeschneiderten Abf\u00fcll- und Verpackungssystemen. Wir beraten Sie gerne unverbindlich.","og_url":"https:\/\/www.stevenbv.nl\/de\/contact\/","og_site_name":"Steven BV","article_publisher":"https:\/\/www.facebook.com\/stevenbvnederland\/","article_modified_time":"2025-11-18T18:47:20+00:00","og_image":[{"width":1000,"height":1000,"url":"https:\/\/www.stevenbv.nl\/wp-content\/uploads\/2025\/01\/logo-stevenbv.jpg","type":"image\/jpeg"}],"twitter_card":"summary_large_image","schema":{"@context":"https:\/\/schema.org","@graph":[{"@type":"WebPage","@id":"https:\/\/www.stevenbv.nl\/de\/contact\/","url":"https:\/\/www.stevenbv.nl\/de\/contact\/","name":"Kontakt zu Steven BV | Abf\u00fcll- und Verpackungsl\u00f6sungen","isPartOf":{"@id":"https:\/\/www.stevenbv.nl\/#website"},"datePublished":"2018-10-16T07:03:59+00:00","dateModified":"2025-11-18T18:47:20+00:00","description":"Kontaktieren Sie Steven BV f\u00fcr fachkundige Beratung zu ma\u00dfgeschneiderten Abf\u00fcll- und Verpackungssystemen. Wir beraten Sie gerne unverbindlich.","breadcrumb":{"@id":"https:\/\/www.stevenbv.nl\/de\/contact\/#breadcrumb"},"inLanguage":"de","potentialAction":[{"@type":"ReadAction","target":["https:\/\/www.stevenbv.nl\/de\/contact\/"]}]},{"@type":"BreadcrumbList","@id":"https:\/\/www.stevenbv.nl\/de\/contact\/#breadcrumb","itemListElement":[{"@type":"ListItem","position":1,"name":"Home","item":"https:\/\/www.stevenbv.nl\/de\/"},{"@type":"ListItem","position":2,"name":"Kontakt"}]},{"@type":"WebSite","@id":"https:\/\/www.stevenbv.nl\/#website","url":"https:\/\/www.stevenbv.nl\/","name":"Steven B.V.","description":"Afvul- en verpakkingssystemen","publisher":{"@id":"https:\/\/www.stevenbv.nl\/#organization"},"alternateName":"Steven BV","potentialAction":[{"@type":"SearchAction","target":{"@type":"EntryPoint","urlTemplate":"https:\/\/www.stevenbv.nl\/?s={search_term_string}"},"query-input":{"@type":"PropertyValueSpecification","valueRequired":true,"valueName":"search_term_string"}}],"inLanguage":"de"},{"@type":"Organization","@id":"https:\/\/www.stevenbv.nl\/#organization","name":"Steven B.V.","alternateName":"Steven BV","url":"https:\/\/www.stevenbv.nl\/","logo":{"@type":"ImageObject","inLanguage":"de","@id":"https:\/\/www.stevenbv.nl\/#\/schema\/logo\/image\/","url":"https:\/\/www.stevenbv.nl\/wp-content\/uploads\/2025\/01\/logo-stevenbv.jpg","contentUrl":"https:\/\/www.stevenbv.nl\/wp-content\/uploads\/2025\/01\/logo-stevenbv.jpg","width":1000,"height":1000,"caption":"Steven B.V."},"image":{"@id":"https:\/\/www.stevenbv.nl\/#\/schema\/logo\/image\/"},"sameAs":["https:\/\/www.facebook.com\/stevenbvnederland\/","https:\/\/nl.linkedin.com\/company\/steven-bv"]}]}},"_links":{"self":[{"href":"https:\/\/www.stevenbv.nl\/de\/wp-json\/wp\/v2\/pages\/1355\/"}],"collection":[{"href":"https:\/\/www.stevenbv.nl\/de\/wp-json\/wp\/v2\/pages\/"}],"about":[{"href":"https:\/\/www.stevenbv.nl\/de\/wp-json\/wp\/v2\/types\/page\/"}],"author":[{"embeddable":true,"href":"https:\/\/www.stevenbv.nl\/de\/wp-json\/wp\/v2\/users\/1\/"}],"replies":[{"embeddable":true,"href":"https:\/\/www.stevenbv.nl\/de\/wp-json\/wp\/v2\/comments\/?post=1355"}],"version-history":[{"count":4,"href":"https:\/\/www.stevenbv.nl\/de\/wp-json\/wp\/v2\/pages\/1355\/revisions\/"}],"predecessor-version":[{"id":1721,"href":"https:\/\/www.stevenbv.nl\/de\/wp-json\/wp\/v2\/pages\/1355\/revisions\/1721\/"}],"wp:attachment":[{"href":"https:\/\/www.stevenbv.nl\/de\/wp-json\/wp\/v2\/media\/?parent=1355"}],"curies":[{"name":"wp","href":"https:\/\/api.w.org\/{rel}","templated":true}]}}