{"id":1349,"date":"2024-03-22T09:41:27","date_gmt":"2024-03-22T08:41:27","guid":{"rendered":"https:\/\/www.stevenbv.nl\/over-steven-bv\/"},"modified":"2024-10-04T11:28:18","modified_gmt":"2024-10-04T09:28:18","slug":"over-steven-bv","status":"publish","type":"page","link":"https:\/\/www.stevenbv.nl\/de\/over-steven-bv\/","title":{"rendered":"Over Steven B.V."},"content":{"rendered":"<p>[vc_row css_animation=&#8220;&#8220; row_type=&#8220;row&#8220; use_row_as_full_screen_section=&#8220;no&#8220; type=&#8220;grid&#8220; angled_section=&#8220;no&#8220; text_align=&#8220;center&#8220; background_image_as_pattern=&#8220;without_pattern&#8220; padding_top=&#8220;80&#8243; padding_bottom=&#8220;80&#8243; z_index=&#8220;&#8220;][vc_column width=&#8220;1\/2&#8243;][vc_column_text]<\/p>\n<h1 style=\"text-align: left;\">Geschichte: Steven Bosgraaf<\/h1>\n<p>[\/vc_column_text][vc_column_text]<\/p>\n<p style=\"text-align: left;\">Steven Bosgraaf (1941 &#8211; 2020), der Gr\u00fcnder von Steven BV, war immer fasziniert von Technik. In den 1970er Jahren begann er mit der Entwicklung eines Systems zur Anbringung von serialisierten Etiketten auf K\u00e4se. Dies war der Beginn einer langen Reihe erfolgreicher Maschinenentwicklungen. Mit jahrelanger Erfahrung in Abf\u00fcll- und Verpackungssystemen gr\u00fcndete er 2005 Steven BV. Seit seinem unerwarteten Tod im Jahr 2020 f\u00fchren wir seine Leidenschaft f\u00fcr die Entwicklung innovativer L\u00f6sungen fort.<\/p>\n<p>[\/vc_column_text][\/vc_column][vc_column width=&#8220;1\/2&#8243;][vc_single_image image=&#8220;705&#8243; img_size=&#8220;full&#8220; alignment=&#8220;right&#8220; qode_css_animation=&#8220;&#8220;][\/vc_column][\/vc_row][vc_row css_animation=&#8220;&#8220; row_type=&#8220;row&#8220; use_row_as_full_screen_section=&#8220;no&#8220; type=&#8220;grid&#8220; angled_section=&#8220;no&#8220; text_align=&#8220;center&#8220; background_image_as_pattern=&#8220;without_pattern&#8220; z_index=&#8220;&#8220;][vc_column][vc_column_text]<\/p>\n<h4 style=\"text-align: left;\">Unsere Arbeitsweise<\/h4>\n<p style=\"text-align: left;\">Jede Anfrage erfordert einen anderen Ansatz. Deshalb sind wir auf ma\u00dfgeschneiderte L\u00f6sungen spezialisiert. Gemeinsam mit dem Kunden suchen wir die beste, effizienteste und nachhaltigste L\u00f6sung. Die vielen ma\u00dfgeschneiderten Abf\u00fcll- und Verpackungssysteme, die wir inzwischen produziert haben, stehen f\u00fcr Effizienz und Zuverl\u00e4ssigkeit von Produktionsprozessen. In der Frischlebensmittel- und Convenience-Food-Industrie haben wir bereits viele Unternehmen mit unseren Produkten ausgestattet: von Wraps und Sandwiches bis hin zu Salaten und Saucen \u2013 wir haben eine breite Palette an Produkten erfolgreich mit unseren innovativen Systemen verpackt.<\/p>\n<p>[\/vc_column_text][vc_empty_space][vc_gallery type=&#8220;image_grid&#8220; images=&#8220;189,197,601,671&#8243; img_size=&#8220;300&#215;300&#8243; onclick=&#8220;&#8220; column_number=&#8220;4&#8243; grayscale=&#8220;no&#8220; images_space=&#8220;gallery_with_space&#8220;][\/vc_column][\/vc_row][vc_row css_animation=&#8220;&#8220; row_type=&#8220;row&#8220; use_row_as_full_screen_section=&#8220;no&#8220; type=&#8220;grid&#8220; angled_section=&#8220;no&#8220; text_align=&#8220;center&#8220; background_image_as_pattern=&#8220;without_pattern&#8220; z_index=&#8220;&#8220;][vc_column width=&#8220;1\/2&#8243;][vc_empty_space height=&#8220;50px&#8220;][vc_column_text]<\/p>\n<h4 style=\"text-align: left;\">Innovation durch Zusammenarbeit: die Stevenline<\/h4>\n<p style=\"text-align: left;\">Eine aktuelle Entwicklung in unserer Geschichte ist die Stevenline, eine moderne Joghurt-Abf\u00fcllmaschine. Dieses Projekt, ein Tribut an Steven Bosgraaf, zeigt die Kraft der Zusammenarbeit und Innovation innerhalb unseres Unternehmens. In enger Zusammenarbeit mit dem Kunden und mehreren f\u00fchrenden Zulieferern haben wir eine Maschine entwickelt, die nicht nur technologisch fortschrittlich, sondern auch \u00e4u\u00dferst flexibel und effizient ist, dank der Reduktion der Umstellzeit auf null.<\/p>\n<p>[\/vc_column_text][\/vc_column][vc_column width=&#8220;1\/2&#8243;][vc_empty_space height=&#8220;50px&#8220;][vc_single_image image=&#8220;659&#8243; img_size=&#8220;500&#215;200&#8243; qode_css_animation=&#8220;&#8220;][\/vc_column][\/vc_row][vc_row css_animation=&#8220;&#8220; row_type=&#8220;row&#8220; use_row_as_full_screen_section=&#8220;no&#8220; type=&#8220;grid&#8220; angled_section=&#8220;no&#8220; text_align=&#8220;center&#8220; background_image_as_pattern=&#8220;without_pattern&#8220; z_index=&#8220;&#8220;][vc_column][vc_empty_space][vc_column_text]<\/p>\n<p style=\"text-align: left;\">Entdecken Sie die M\u00f6glichkeiten f\u00fcr Ihren Produktionsprozess<\/p>\n<p style=\"text-align: left;\">Interessieren Sie sich f\u00fcr die M\u00f6glichkeiten f\u00fcr Ihren Produktionsprozess? Kontaktieren Sie Steven BV. Gemeinsam erkunden wir, wie wir Ihre Produktion effizienter und zuverl\u00e4ssiger gestalten k\u00f6nnen.<\/p>\n<p style=\"text-align: left;\">Polderboskdyk 35, 8501 ZJ, Joure<br \/>\n+31 (0) 513 &#8211; 410488<br \/>\ninfo@stevenbv.nl<\/p>\n<p>[\/vc_column_text][vc_empty_space][vc_row_inner row_type=&#8220;row&#8220; type=&#8220;full_width&#8220; text_align=&#8220;left&#8220; css_animation=&#8220;&#8220;][vc_column_inner][vc_column_text]<\/p>\n<p>Kontaktformular<\/p>\n<p>[\/vc_column_text][vc_column_text]\n<div class=\"wpcf7 no-js\" id=\"wpcf7-f801-o1\" lang=\"nl-NL\" dir=\"ltr\" data-wpcf7-id=\"801\">\n<div class=\"screen-reader-response\"><p role=\"status\" aria-live=\"polite\" aria-atomic=\"true\"><\/p> <ul><\/ul><\/div>\n<form action=\"\/de\/wp-json\/wp\/v2\/pages\/1349\/#wpcf7-f801-o1\" method=\"post\" class=\"wpcf7-form init\" aria-label=\"Contactformulier\" novalidate=\"novalidate\" data-status=\"init\">\n<fieldset class=\"hidden-fields-container\"><input type=\"hidden\" name=\"_wpcf7\" value=\"801\" \/><input type=\"hidden\" name=\"_wpcf7_version\" value=\"6.1.5\" \/><input type=\"hidden\" name=\"_wpcf7_locale\" value=\"nl_NL\" \/><input type=\"hidden\" name=\"_wpcf7_unit_tag\" value=\"wpcf7-f801-o1\" \/><input type=\"hidden\" name=\"_wpcf7_container_post\" value=\"0\" \/><input type=\"hidden\" name=\"_wpcf7_posted_data_hash\" value=\"\" \/><input type=\"hidden\" name=\"_wpcf7_recaptcha_response\" value=\"\" \/>\n<\/fieldset>\n<p><label> Naam \/ Name \/ Name<br \/>\n<span class=\"wpcf7-form-control-wrap\" data-name=\"your-name\"><input size=\"40\" maxlength=\"400\" class=\"wpcf7-form-control wpcf7-text wpcf7-validates-as-required\" autocomplete=\"name\" aria-required=\"true\" aria-invalid=\"false\" value=\"\" type=\"text\" name=\"your-name\" \/><\/span> <\/label>\n<\/p>\n<p><label> E-mailadres \/ Email Address \/ E-Mail-Adresse<br \/>\n<span class=\"wpcf7-form-control-wrap\" data-name=\"your-email\"><input size=\"40\" maxlength=\"400\" class=\"wpcf7-form-control wpcf7-email wpcf7-validates-as-required wpcf7-text wpcf7-validates-as-email\" autocomplete=\"email\" aria-required=\"true\" aria-invalid=\"false\" value=\"\" type=\"email\" name=\"your-email\" \/><\/span> <\/label>\n<\/p>\n<p><label> Ik heb een vraag over \/ I have a question about \/ Ich habe eine Frage zu<br \/>\n<span class=\"wpcf7-form-control-wrap\" data-name=\"your-message\"><textarea cols=\"40\" rows=\"10\" maxlength=\"2000\" class=\"wpcf7-form-control wpcf7-textarea wpcf7-validates-as-required\" aria-required=\"true\" aria-invalid=\"false\" name=\"your-message\"><\/textarea><\/span> <\/label>\n<\/p>\n\n<div style=\"display: flex; gap: 10px; align-items: center; flex-wrap: wrap;\">\n\t<p><input class=\"wpcf7-form-control wpcf7-submit has-spinner\" type=\"submit\" value=\"Verzenden \/ Submit \/ Senden\" \/>\n\t<\/p>\n\t<p><a href=\"https:\/\/wa.me\/message\/YPD6RXGM4TQQA1\" target=\"_blank\" rel=\"noopener\" \n       style=\"background-color: #7BA428; color: white; text-align: center; padding: 10px 20px; border: none; cursor: pointer; border-radius: 3px; font-size: 16px; text-decoration: none; display: flex; align-items: center; justify-content: center; height: 40px;\"><br \/>\nNeem contact op via WhatsApp<br \/>\n<\/a>\n\t<\/p>\n<\/div><div class=\"wpcf7-response-output\" aria-hidden=\"true\"><\/div>\n<\/form>\n<\/div>\n<p>[\/vc_column_text][\/vc_column_inner][\/vc_row_inner][\/vc_column][\/vc_row][vc_row css_animation=&#8220;&#8220; row_type=&#8220;row&#8220; use_row_as_full_screen_section=&#8220;no&#8220; type=&#8220;grid&#8220; angled_section=&#8220;no&#8220; text_align=&#8220;center&#8220; background_image_as_pattern=&#8220;without_pattern&#8220; padding_top=&#8220;80&#8243; padding_bottom=&#8220;80&#8243; z_index=&#8220;&#8220;][vc_column][vc_single_image image=&#8220;1154&#8243; img_size=&#8220;full&#8220; alignment=&#8220;center&#8220; qode_css_animation=&#8220;&#8220;][vc_empty_space][vc_empty_space][vc_column_text]<\/p>\n<p>Standort<\/p>\n<p>[\/vc_column_text][vc_separator type=&#8220;small&#8220; position=&#8220;center&#8220; color=&#8220;#77ac2b&#8220; thickness=&#8220;5&#8243; width=&#8220;50&#8243;][vc_column_text]<\/p>\n<p style=\"text-align: left;\">Steven BV befindet sich in Joure (Friesland) an der Polderboskdyk 35. Vom neuen Knotenpunkt in Joure ist das Unternehmen in wenigen Minuten erreichbar.<\/p>\n<p>[\/vc_column_text][\/vc_column][\/vc_row][vc_row css_animation=&#8220;&#8220; row_type=&#8220;row&#8220; use_row_as_full_screen_section=&#8220;no&#8220; type=&#8220;full_width&#8220; angled_section=&#8220;no&#8220; text_align=&#8220;left&#8220; background_image_as_pattern=&#8220;without_pattern&#8220;][vc_column][vc_gmaps link=&#8220;#E-8_JTNDaWZyYW1lJTIwc3JjJTNEJTIyaHR0cHMlM0ElMkYlMkZ3d3cuZ29vZ2xlLmNvbSUyRm1hcHMlMkZlbWJlZCUzRnBiJTNEJTIxMW0xOCUyMTFtMTIlMjExbTMlMjExZDE1MzgxNC45MDI3OTkxMTU2MyUyMTJkNS42Nzg5MTk2NjQ4NDAxNDclMjEzZDUyLjk1OTk3NjU2NzMxMDUzJTIxMm0zJTIxMWYwJTIxMmYwJTIxM2YwJTIxM20yJTIxMWkxMDI0JTIxMmk3NjglMjE0ZjEzLjElMjEzbTMlMjExbTIlMjExczB4NDdjOGY1YmQwODM5NzM5NSUyNTNBMHg5NmY5MzZiYjdjMWRmZDBhJTIxMnNQb2xkZXJib3NrZHlrJTJCMzUlMjUyQyUyQjg1MDElMkJaSiUyQkpvdXJlJTIxNWUwJTIxM20yJTIxMXNubCUyMTJzbmwlMjE0djE1NDIyOTM1NzgxNzclMjIlMjB3aWR0aCUzRCUyMjYwMCUyMiUyMGhlaWdodCUzRCUyMjQ1MCUyMiUyMGZyYW1lYm9yZGVyJTNEJTIyMCUyMiUyMHN0eWxlJTNEJTIyYm9yZGVyJTNBMCUyMiUyMGFsbG93ZnVsbHNjcmVlbiUzRSUzQyUyRmlmcmFtZSUzRQ==&#8220; size=&#8220;450&#8243;][\/vc_column][\/vc_row]<\/p>\n","protected":false},"excerpt":{"rendered":"<p>[vc_row css_animation=&#8220;&#8220; row_type=&#8220;row&#8220; use_row_as_full_screen_section=&#8220;no&#8220; type=&#8220;grid&#8220; angled_section=&#8220;no&#8220; text_align=&#8220;center&#8220; background_image_as_pattern=&#8220;without_pattern&#8220; padding_top=&#8220;80&#8243; padding_bottom=&#8220;80&#8243; z_index=&#8220;&#8220;][vc_column width=&#8220;1\/2&#8243;][vc_column_text] Geschichte: Steven Bosgraaf [\/vc_column_text][vc_column_text] Steven Bosgraaf (1941 &#8211; 2020), der Gr\u00fcnder von Steven BV, war immer fasziniert von Technik. In den 1970er Jahren begann er mit der Entwicklung eines Systems zur Anbringung von&#8230;<\/p>\n","protected":false},"author":1,"featured_media":0,"parent":0,"menu_order":0,"comment_status":"closed","ping_status":"closed","template":"full_width.php","meta":{"_acf_changed":false,"_monsterinsights_skip_tracking":false,"_monsterinsights_sitenote_active":false,"_monsterinsights_sitenote_note":"","_monsterinsights_sitenote_category":0,"_uf_show_specific_survey":0,"_uf_disable_surveys":false,"footnotes":""},"class_list":["post-1349","page","type-page","status-publish","hentry"],"acf":[],"yoast_head":"<!-- This site is optimized with the Yoast SEO plugin v27.5 - https:\/\/yoast.com\/product\/yoast-seo-wordpress\/ -->\n<title>Over Steven B.V. - Steven BV<\/title>\n<meta name=\"description\" content=\"Lees hoe Steven BV al meer dan 50 jaar maatwerkoplossingen ontwikkelt in afvul- en verpakkingssystemen. Innovatie, kwaliteit en betrouwbaarheid voor iedere productielijn.\" \/>\n<meta name=\"robots\" content=\"index, follow, max-snippet:-1, max-image-preview:large, max-video-preview:-1\" \/>\n<link rel=\"canonical\" href=\"https:\/\/www.stevenbv.nl\/de\/over-steven-bv\/\" \/>\n<meta property=\"og:locale\" content=\"de_DE\" \/>\n<meta property=\"og:type\" content=\"article\" \/>\n<meta property=\"og:title\" content=\"Over Steven B.V. - Steven BV\" \/>\n<meta property=\"og:description\" content=\"Lees hoe Steven BV al meer dan 50 jaar maatwerkoplossingen ontwikkelt in afvul- en verpakkingssystemen. Innovatie, kwaliteit en betrouwbaarheid voor iedere productielijn.\" \/>\n<meta property=\"og:url\" content=\"https:\/\/www.stevenbv.nl\/de\/over-steven-bv\/\" \/>\n<meta property=\"og:site_name\" content=\"Steven BV\" \/>\n<meta property=\"article:publisher\" content=\"https:\/\/www.facebook.com\/stevenbvnederland\/\" \/>\n<meta property=\"article:modified_time\" content=\"2024-10-04T09:28:18+00:00\" \/>\n<meta property=\"og:image\" content=\"https:\/\/www.stevenbv.nl\/wp-content\/uploads\/2025\/01\/logo-stevenbv.jpg\" \/>\n\t<meta property=\"og:image:width\" content=\"1000\" \/>\n\t<meta property=\"og:image:height\" content=\"1000\" \/>\n\t<meta property=\"og:image:type\" content=\"image\/jpeg\" \/>\n<meta name=\"twitter:card\" content=\"summary_large_image\" \/>\n<script type=\"application\/ld+json\" class=\"yoast-schema-graph\">{\"@context\":\"https:\\\/\\\/schema.org\",\"@graph\":[{\"@type\":\"WebPage\",\"@id\":\"https:\\\/\\\/www.stevenbv.nl\\\/de\\\/over-steven-bv\\\/\",\"url\":\"https:\\\/\\\/www.stevenbv.nl\\\/de\\\/over-steven-bv\\\/\",\"name\":\"Over Steven B.V. - Steven BV\",\"isPartOf\":{\"@id\":\"https:\\\/\\\/www.stevenbv.nl\\\/#website\"},\"datePublished\":\"2024-03-22T08:41:27+00:00\",\"dateModified\":\"2024-10-04T09:28:18+00:00\",\"description\":\"Lees hoe Steven BV al meer dan 50 jaar maatwerkoplossingen ontwikkelt in afvul- en verpakkingssystemen. Innovatie, kwaliteit en betrouwbaarheid voor iedere productielijn.\",\"breadcrumb\":{\"@id\":\"https:\\\/\\\/www.stevenbv.nl\\\/de\\\/over-steven-bv\\\/#breadcrumb\"},\"inLanguage\":\"de\",\"potentialAction\":[{\"@type\":\"ReadAction\",\"target\":[\"https:\\\/\\\/www.stevenbv.nl\\\/de\\\/over-steven-bv\\\/\"]}]},{\"@type\":\"BreadcrumbList\",\"@id\":\"https:\\\/\\\/www.stevenbv.nl\\\/de\\\/over-steven-bv\\\/#breadcrumb\",\"itemListElement\":[{\"@type\":\"ListItem\",\"position\":1,\"name\":\"Home\",\"item\":\"https:\\\/\\\/www.stevenbv.nl\\\/de\\\/\"},{\"@type\":\"ListItem\",\"position\":2,\"name\":\"Over Steven B.V.\"}]},{\"@type\":\"WebSite\",\"@id\":\"https:\\\/\\\/www.stevenbv.nl\\\/#website\",\"url\":\"https:\\\/\\\/www.stevenbv.nl\\\/\",\"name\":\"Steven B.V.\",\"description\":\"Afvul- en verpakkingssystemen\",\"publisher\":{\"@id\":\"https:\\\/\\\/www.stevenbv.nl\\\/#organization\"},\"alternateName\":\"Steven BV\",\"potentialAction\":[{\"@type\":\"SearchAction\",\"target\":{\"@type\":\"EntryPoint\",\"urlTemplate\":\"https:\\\/\\\/www.stevenbv.nl\\\/?s={search_term_string}\"},\"query-input\":{\"@type\":\"PropertyValueSpecification\",\"valueRequired\":true,\"valueName\":\"search_term_string\"}}],\"inLanguage\":\"de\"},{\"@type\":\"Organization\",\"@id\":\"https:\\\/\\\/www.stevenbv.nl\\\/#organization\",\"name\":\"Steven B.V.\",\"alternateName\":\"Steven BV\",\"url\":\"https:\\\/\\\/www.stevenbv.nl\\\/\",\"logo\":{\"@type\":\"ImageObject\",\"inLanguage\":\"de\",\"@id\":\"https:\\\/\\\/www.stevenbv.nl\\\/#\\\/schema\\\/logo\\\/image\\\/\",\"url\":\"https:\\\/\\\/www.stevenbv.nl\\\/wp-content\\\/uploads\\\/2025\\\/01\\\/logo-stevenbv.jpg\",\"contentUrl\":\"https:\\\/\\\/www.stevenbv.nl\\\/wp-content\\\/uploads\\\/2025\\\/01\\\/logo-stevenbv.jpg\",\"width\":1000,\"height\":1000,\"caption\":\"Steven B.V.\"},\"image\":{\"@id\":\"https:\\\/\\\/www.stevenbv.nl\\\/#\\\/schema\\\/logo\\\/image\\\/\"},\"sameAs\":[\"https:\\\/\\\/www.facebook.com\\\/stevenbvnederland\\\/\",\"https:\\\/\\\/nl.linkedin.com\\\/company\\\/steven-bv\"]}]}<\/script>\n<!-- \/ Yoast SEO plugin. -->","yoast_head_json":{"title":"Over Steven B.V. - Steven BV","description":"Lees hoe Steven BV al meer dan 50 jaar maatwerkoplossingen ontwikkelt in afvul- en verpakkingssystemen. Innovatie, kwaliteit en betrouwbaarheid voor iedere productielijn.","robots":{"index":"index","follow":"follow","max-snippet":"max-snippet:-1","max-image-preview":"max-image-preview:large","max-video-preview":"max-video-preview:-1"},"canonical":"https:\/\/www.stevenbv.nl\/de\/over-steven-bv\/","og_locale":"de_DE","og_type":"article","og_title":"Over Steven B.V. - Steven BV","og_description":"Lees hoe Steven BV al meer dan 50 jaar maatwerkoplossingen ontwikkelt in afvul- en verpakkingssystemen. Innovatie, kwaliteit en betrouwbaarheid voor iedere productielijn.","og_url":"https:\/\/www.stevenbv.nl\/de\/over-steven-bv\/","og_site_name":"Steven BV","article_publisher":"https:\/\/www.facebook.com\/stevenbvnederland\/","article_modified_time":"2024-10-04T09:28:18+00:00","og_image":[{"width":1000,"height":1000,"url":"https:\/\/www.stevenbv.nl\/wp-content\/uploads\/2025\/01\/logo-stevenbv.jpg","type":"image\/jpeg"}],"twitter_card":"summary_large_image","schema":{"@context":"https:\/\/schema.org","@graph":[{"@type":"WebPage","@id":"https:\/\/www.stevenbv.nl\/de\/over-steven-bv\/","url":"https:\/\/www.stevenbv.nl\/de\/over-steven-bv\/","name":"Over Steven B.V. - Steven BV","isPartOf":{"@id":"https:\/\/www.stevenbv.nl\/#website"},"datePublished":"2024-03-22T08:41:27+00:00","dateModified":"2024-10-04T09:28:18+00:00","description":"Lees hoe Steven BV al meer dan 50 jaar maatwerkoplossingen ontwikkelt in afvul- en verpakkingssystemen. Innovatie, kwaliteit en betrouwbaarheid voor iedere productielijn.","breadcrumb":{"@id":"https:\/\/www.stevenbv.nl\/de\/over-steven-bv\/#breadcrumb"},"inLanguage":"de","potentialAction":[{"@type":"ReadAction","target":["https:\/\/www.stevenbv.nl\/de\/over-steven-bv\/"]}]},{"@type":"BreadcrumbList","@id":"https:\/\/www.stevenbv.nl\/de\/over-steven-bv\/#breadcrumb","itemListElement":[{"@type":"ListItem","position":1,"name":"Home","item":"https:\/\/www.stevenbv.nl\/de\/"},{"@type":"ListItem","position":2,"name":"Over Steven B.V."}]},{"@type":"WebSite","@id":"https:\/\/www.stevenbv.nl\/#website","url":"https:\/\/www.stevenbv.nl\/","name":"Steven B.V.","description":"Afvul- en verpakkingssystemen","publisher":{"@id":"https:\/\/www.stevenbv.nl\/#organization"},"alternateName":"Steven BV","potentialAction":[{"@type":"SearchAction","target":{"@type":"EntryPoint","urlTemplate":"https:\/\/www.stevenbv.nl\/?s={search_term_string}"},"query-input":{"@type":"PropertyValueSpecification","valueRequired":true,"valueName":"search_term_string"}}],"inLanguage":"de"},{"@type":"Organization","@id":"https:\/\/www.stevenbv.nl\/#organization","name":"Steven B.V.","alternateName":"Steven BV","url":"https:\/\/www.stevenbv.nl\/","logo":{"@type":"ImageObject","inLanguage":"de","@id":"https:\/\/www.stevenbv.nl\/#\/schema\/logo\/image\/","url":"https:\/\/www.stevenbv.nl\/wp-content\/uploads\/2025\/01\/logo-stevenbv.jpg","contentUrl":"https:\/\/www.stevenbv.nl\/wp-content\/uploads\/2025\/01\/logo-stevenbv.jpg","width":1000,"height":1000,"caption":"Steven B.V."},"image":{"@id":"https:\/\/www.stevenbv.nl\/#\/schema\/logo\/image\/"},"sameAs":["https:\/\/www.facebook.com\/stevenbvnederland\/","https:\/\/nl.linkedin.com\/company\/steven-bv"]}]}},"_links":{"self":[{"href":"https:\/\/www.stevenbv.nl\/de\/wp-json\/wp\/v2\/pages\/1349\/"}],"collection":[{"href":"https:\/\/www.stevenbv.nl\/de\/wp-json\/wp\/v2\/pages\/"}],"about":[{"href":"https:\/\/www.stevenbv.nl\/de\/wp-json\/wp\/v2\/types\/page\/"}],"author":[{"embeddable":true,"href":"https:\/\/www.stevenbv.nl\/de\/wp-json\/wp\/v2\/users\/1\/"}],"replies":[{"embeddable":true,"href":"https:\/\/www.stevenbv.nl\/de\/wp-json\/wp\/v2\/comments\/?post=1349"}],"version-history":[{"count":4,"href":"https:\/\/www.stevenbv.nl\/de\/wp-json\/wp\/v2\/pages\/1349\/revisions\/"}],"predecessor-version":[{"id":1353,"href":"https:\/\/www.stevenbv.nl\/de\/wp-json\/wp\/v2\/pages\/1349\/revisions\/1353\/"}],"wp:attachment":[{"href":"https:\/\/www.stevenbv.nl\/de\/wp-json\/wp\/v2\/media\/?parent=1349"}],"curies":[{"name":"wp","href":"https:\/\/api.w.org\/{rel}","templated":true}]}}